{"id":644,"date":"2020-12-04T14:35:06","date_gmt":"2020-12-04T13:35:06","guid":{"rendered":"https:\/\/db-eco.com\/?page_id=644"},"modified":"2025-05-06T12:09:46","modified_gmt":"2025-05-06T10:09:46","slug":"privacy-policy-for-competition","status":"publish","type":"page","link":"https:\/\/db-eco.com\/en\/privacy-policy-for-competition\/","title":{"rendered":"Privacy policy for competition"},"content":{"rendered":"\n<div class=\"wp-block-dbec-core-layout-grid  layout-grid layout-grid--outer-margin-large layout-grid--expanded\"><div class=\"grid grid--child-margin-large\">\n<div class=\"wp-block-dbec-core-layout-column  column is-6-small is-6-medium column--expanded\"><div class=\"layout-column\"><nav class=\"breadcrumbs\"><div class=\"breadcrumbs__inner\"><a class=\"breadcrumbs__home\" href=\"https:\/\/db-eco.com\/en\/\" aria-label=\"Link Home\"><svg class=\"breadcrumbs__home-icon\"><use xlink:href=\"#home\"><\/use><\/svg><\/a> <svg class=\"breadcrumbs__delimiter\"><use xlink:href=\"#icon-arrow-right\"><\/use><\/svg> <span class=\"breadcrumbs__actual-page\">Privacy policy for competition<\/span><\/div><\/nav><\/div><\/div>\n<\/div><\/div>\n\n\n\n<div class=\"wp-block-dbec-core-layout-grid  layout-grid layout-grid--outer-margin-small layout-grid--expanded\"><div class=\"grid grid--child-margin-small\">\n<div class=\"wp-block-dbec-core-layout-column  column is-6-small is-3-medium column--expanded\"><div class=\"layout-column\">\n<h1 class=\"wp-block-heading headline-h2\">Privacy policy for our competition<\/h1>\n<\/div><\/div>\n\n\n\n<div class=\"wp-block-dbec-core-layout-column  column is-6-small is-2-medium is-offset-left-1-medium column--expanded\"><div class=\"layout-column\">\n<div class=\"wp-block-dbec-core-layout-text  wp-block-dbec-core-layout-text--expanded\"><div class=\"layout-column layout-column--text\">\n<h2 class=\"wp-block-heading headline-h4\">Contact<\/h2>\n\n\n<div class=\"contact-person\"><h3 class=\"contact-person__name\">Privacy<\/h3><div class=\"contact-person__position\">DB E.C.O. Group<\/div><div class=\"contact-person__address\">DB Engineering &#038; Consulting<br \/>\r\n10829 Berlin<br \/>\r\nGermany<\/div><a class=\"contact-person__link-communication\" href=\"mailto:datenschutz.db-ec@db-eco.com\"><svg class=\"contact-person__icon-mail\"><use xlink:href=\"#icon-mail\"><\/use><\/svg><span>E-Mail<\/span><\/a><\/div><\/div><\/div>\n<\/div><\/div>\n<\/div><\/div>\n\n\n\n<div class=\"wp-block-dbec-core-layout-grid  layout-grid layout-grid--outer-margin-small layout-grid--expanded\"><div class=\"grid grid--child-margin-small\">\n<div class=\"wp-block-dbec-core-layout-column  column is-6-small is-6-medium column--expanded\"><div class=\"layout-column\">\n<div class=\"wp-block-dbec-core-accordion  wp-block-dbec-core-accordion--expanded\"><div class=\"accordion\" data-type=\"single\" data-initially-opened=\"false\"><div class=\"accordion__items\">\n<div class=\"wp-block-dbec-core-accordion-item\"><a-expandable id=\"\" class=\"accordion-item\"><button type=\"button\" slot=\"toggle\" class=\"accordion-item__bar\"><h3 class=\"accordion-item__label\">Who is responsible for data collecting and processing?<\/h3><svg class=\"accordion-item__arrow\" aria-hidden=\"true\"><use xlink:href=\"#icon-arrow-down\" \/><\/svg><\/button><div class=\"accordion-item__content\"><div class=\"layout-content\">\n<p>The controller responsible for collecting and processing your data will be DB Engineering &amp; Consulting GmbH, Part of DB E.C.O. Group, EUREF-Campus 14, Torgauer Str. 12-15, 10829 Berlin, Germany.<em style=\"font-size: inherit; display: inline !important;\"> <\/em>The appointed data protection officer is Ms. Chris Newiger.<\/p>\n\n\n\n<p>If you have any questions regarding data protection, please e-mail us: <a href=\"mailto:datenschutz.db-ec@deutschebahn.com\">datenschutz.db-ec@deutschebahn.com<\/a><\/p>\n<\/div><\/div><\/a-expandable><\/div>\n\n\n\n<div class=\"wp-block-dbec-core-accordion-item\"><a-expandable id=\"\" class=\"accordion-item\"><button type=\"button\" slot=\"toggle\" class=\"accordion-item__bar\"><h3 class=\"accordion-item__label\">What data do we collect and how and why do we process your data?<\/h3><svg class=\"accordion-item__arrow\" aria-hidden=\"true\"><use xlink:href=\"#icon-arrow-down\" \/><\/svg><\/button><div class=\"accordion-item__content\"><div class=\"layout-content\">\n<p>We collect and process your data exclusively for the purpose of correctly running and implementing the prize draw and sending out the prizes. To achieve this purpose, we process the following personal data: first and last name, contact details (e-mail address), which you enter in the contact form for the DB E.C.O. Group prize draw on our web page. We also process the shipping addresses subsequently provided by the winners.<\/p>\n\n\n\n<p>Processing this data is necessary for the performance of a contract concluded with you and the legal basis for this is Article 6 (1) (b) GDPR.<\/p>\n<\/div><\/div><\/a-expandable><\/div>\n\n\n\n<div class=\"wp-block-dbec-core-accordion-item\"><a-expandable id=\"\" class=\"accordion-item\"><button type=\"button\" slot=\"toggle\" class=\"accordion-item__bar\"><h3 class=\"accordion-item__label\">How long ist your data stored?<\/h3><svg class=\"accordion-item__arrow\" aria-hidden=\"true\"><use xlink:href=\"#icon-arrow-down\" \/><\/svg><\/button><div class=\"accordion-item__content\"><div class=\"layout-content\">\n<p>We store the data collected in connection with the prize draw only for as long as necessary to fulfill the purpose for which it was collected. Once the prize draw is finished and the prizes have been distributed, this data will be deleted within four weeks.<\/p>\n<\/div><\/div><\/a-expandable><\/div>\n\n\n\n<div class=\"wp-block-dbec-core-accordion-item\"><a-expandable id=\"\" class=\"accordion-item\"><button type=\"button\" slot=\"toggle\" class=\"accordion-item__bar\"><h3 class=\"accordion-item__label\">Do we share your data with other parties?<\/h3><svg class=\"accordion-item__arrow\" aria-hidden=\"true\"><use xlink:href=\"#icon-arrow-down\" \/><\/svg><\/button><div class=\"accordion-item__content\"><div class=\"layout-content\">\n<p>The personal data collected on this page will not be shared with third parties.<\/p>\n<\/div><\/div><\/a-expandable><\/div>\n\n\n\n<div class=\"wp-block-dbec-core-accordion-item\"><a-expandable id=\"\" class=\"accordion-item\"><button type=\"button\" slot=\"toggle\" class=\"accordion-item__bar\"><h3 class=\"accordion-item__label\">What rights do you have?<\/h3><svg class=\"accordion-item__arrow\" aria-hidden=\"true\"><use xlink:href=\"#icon-arrow-down\" \/><\/svg><\/button><div class=\"accordion-item__content\"><div class=\"layout-content\">\n<ul class=\"wp-block-list\">\n<li>You may request information regarding the data that is being stored about you.<\/li>\n\n\n\n<li>You may request the rectification, erasure and restriction of processing (blocking) with respect to your personal data to the extent permitted by law and to the extent that this is possible under existing agreements.<\/li>\n\n\n\n<li>You have the right to lodge a complaint with a supervisory authority. The regulatory authority responsible for DB Engineering &amp; Consulting GmbH is the Berlin Commissioner for Data Protection and Freedom of Information, Friedrichstr. 219, 10969 Berlin, Germany. E-mail: mailbox@datenschutz-berlin.de<\/li>\n\n\n\n<li>You have the right to portability of the data which you have provided to us based on a declaration of consent or a contract (data portability).<\/li>\n\n\n\n<li>If you have granted us your consent for data processing, you can withdraw it at any time in the same manner in which you granted it. Any processing of your personal data that took place from the time at which you granted your consent to the time at which you withdrew it will still be considered to have been lawful.<\/li>\n\n\n\n<li>You have the right to object, on grounds relating to your particular situation, to the processing of personal data if the data is processed based on our legitimate interest or is necessary for the performance of a task carried out in the public interest.<\/li>\n\n\n\n<li>If we process your data for the purpose of direct advertising, you may object to this promotional approach at any time with future effect.<\/li>\n<\/ul>\n\n\n\n<p>To exercise your rights, simply write to DB Engineering &amp; Consulting GmbH, Part of DB E.C.O. Group, Marketing &amp; Communication, EUREF-Campus 14, Torgauer Stra\u00dfe 12-15, 10829 Berlin, Germany or by e-mail to: <a href=\"mailto:eco-group@deutschebahn.com\" target=\"_blank\" rel=\"noreferrer noopener\">eco-group@deutschebahn.com<\/a><\/p>\n<\/div><\/div><\/a-expandable><\/div>\n\n\n\n<div class=\"wp-block-dbec-core-accordion-item\"><a-expandable id=\"\" class=\"accordion-item\"><button type=\"button\" slot=\"toggle\" class=\"accordion-item__bar\"><h3 class=\"accordion-item__label\">External links<\/h3><svg class=\"accordion-item__arrow\" aria-hidden=\"true\"><use xlink:href=\"#icon-arrow-down\" \/><\/svg><\/button><div class=\"accordion-item__content\"><div class=\"layout-content\">\n<p>If you click a link to an external web page, you are leaving the prize draw. This means that DB Engineering &amp; Consulting GmbH, Part of DB E.C.O. Group, is not responsible for the content, services or products offered on the linked web page, nor is it responsible for the data protection or the technical security on the linked web page.<\/p>\n<\/div><\/div><\/a-expandable><\/div>\n<\/div><\/div><\/div>\n<\/div><\/div>\n<\/div><\/div>\n\n\n\n<div class=\"wp-block-dbec-core-layout-grid  layout-grid layout-grid--outer-margin-small layout-grid--expanded\"><div class=\"grid grid--child-margin-small\">\n<div class=\"wp-block-dbec-core-layout-column  column is-6-small is-6-medium column--expanded\"><div class=\"layout-column\">\n<div class=\"wp-block-dbec-core-layout-text  wp-block-dbec-core-layout-text--expanded\"><div class=\"layout-column layout-column--text\">\n<h2 class=\"wp-block-heading headline-h4\"><strong>Updates to the privacy policy<\/strong><\/h2>\n\n\n\n<p>We update our data protection notice whenever functions or legal situations change. We therefore recommend that you read the data protection notice when accessing the latest version of the prize draw.<\/p>\n\n\n\n<p>Last modified: December 03, 2020<\/p>\n<\/div><\/div>\n<\/div><\/div>\n<\/div><\/div>\n","protected":false},"excerpt":{"rendered":"","protected":false},"author":5,"featured_media":0,"parent":0,"menu_order":0,"comment_status":"closed","ping_status":"closed","template":"","meta":{"post_allow-other-domains":"","footnotes":""},"class_list":["post-644","page","type-page","status-publish","hentry"],"yoast_head":"<!-- This site is optimized with the Yoast SEO Premium plugin v26.1 (Yoast SEO v27.4) - https:\/\/yoast.com\/product\/yoast-seo-premium-wordpress\/ -->\n<title>DB E.C.O. Group Privacy policy | DB E.C.O. Group<\/title>\n<meta name=\"description\" content=\"DB E.C.O. Group Privacy policy: Learn about our privacy policy and data protection as a customer-oriented quality feature here!\" \/>\n<meta name=\"robots\" content=\"index, follow, max-snippet:-1, max-image-preview:large, max-video-preview:-1\" \/>\n<link rel=\"canonical\" href=\"https:\/\/db-eco.com\/en\/privacy-policy-for-competition\/\" \/>\n<meta property=\"og:locale\" content=\"en_US\" \/>\n<meta property=\"og:type\" content=\"article\" \/>\n<meta property=\"og:title\" content=\"Privacy policy for competition\" \/>\n<meta property=\"og:description\" content=\"DB E.C.O. Group Privacy policy: Learn about our privacy policy and data protection as a customer-oriented quality feature here!\" \/>\n<meta property=\"og:url\" content=\"https:\/\/db-eco.com\/en\/privacy-policy-for-competition\/\" \/>\n<meta property=\"og:site_name\" content=\"DB ECO\" \/>\n<meta property=\"article:modified_time\" content=\"2025-05-06T10:09:46+00:00\" \/>\n<meta name=\"twitter:card\" content=\"summary_large_image\" \/>\n<meta name=\"twitter:label1\" content=\"Est. reading time\" \/>\n\t<meta name=\"twitter:data1\" content=\"4 minutes\" \/>\n<script type=\"application\/ld+json\" class=\"yoast-schema-graph\">{\"@context\":\"https:\\\/\\\/schema.org\",\"@graph\":[{\"@type\":\"WebPage\",\"@id\":\"https:\\\/\\\/db-eco.com\\\/en\\\/privacy-policy-for-competition\\\/\",\"url\":\"https:\\\/\\\/db-eco.com\\\/en\\\/privacy-policy-for-competition\\\/\",\"name\":\"DB E.C.O. Group Privacy policy | DB E.C.O. Group\",\"isPartOf\":{\"@id\":\"https:\\\/\\\/db-eco.com\\\/en\\\/#website\"},\"datePublished\":\"2020-12-04T13:35:06+00:00\",\"dateModified\":\"2025-05-06T10:09:46+00:00\",\"description\":\"DB E.C.O. Group Privacy policy: Learn about our privacy policy and data protection as a customer-oriented quality feature here!\",\"breadcrumb\":{\"@id\":\"https:\\\/\\\/db-eco.com\\\/en\\\/privacy-policy-for-competition\\\/#breadcrumb\"},\"inLanguage\":\"en-US\",\"potentialAction\":[{\"@type\":\"ReadAction\",\"target\":[\"https:\\\/\\\/db-eco.com\\\/en\\\/privacy-policy-for-competition\\\/\"]}]},{\"@type\":\"BreadcrumbList\",\"@id\":\"https:\\\/\\\/db-eco.com\\\/en\\\/privacy-policy-for-competition\\\/#breadcrumb\",\"itemListElement\":[{\"@type\":\"ListItem\",\"position\":1,\"name\":\"Home\",\"item\":\"https:\\\/\\\/db-eco.com\\\/en\\\/\"},{\"@type\":\"ListItem\",\"position\":2,\"name\":\"Privacy policy for competition\"}]},{\"@type\":\"WebSite\",\"@id\":\"https:\\\/\\\/db-eco.com\\\/en\\\/#website\",\"url\":\"https:\\\/\\\/db-eco.com\\\/en\\\/\",\"name\":\"DB ECO\",\"description\":\"Part of DB E.C.O. Group\",\"publisher\":{\"@id\":\"https:\\\/\\\/db-eco.com\\\/en\\\/#organization\"},\"potentialAction\":[{\"@type\":\"SearchAction\",\"target\":{\"@type\":\"EntryPoint\",\"urlTemplate\":\"https:\\\/\\\/db-eco.com\\\/en\\\/?s={search_term_string}\"},\"query-input\":{\"@type\":\"PropertyValueSpecification\",\"valueRequired\":true,\"valueName\":\"search_term_string\"}}],\"inLanguage\":\"en-US\"},{\"@type\":\"Organization\",\"@id\":\"https:\\\/\\\/db-eco.com\\\/en\\\/#organization\",\"name\":\"DB E.C.O. Group\",\"url\":\"https:\\\/\\\/db-eco.com\\\/en\\\/\",\"logo\":{\"@type\":\"ImageObject\",\"inLanguage\":\"en-US\",\"@id\":\"https:\\\/\\\/db-eco.com\\\/en\\\/#\\\/schema\\\/logo\\\/image\\\/\",\"url\":\"https:\\\/\\\/db-eco.com\\\/wp-content\\\/uploads\\\/2022\\\/10\\\/Logo_DB-ECO-Group_310x69.jpg\",\"contentUrl\":\"https:\\\/\\\/db-eco.com\\\/wp-content\\\/uploads\\\/2022\\\/10\\\/Logo_DB-ECO-Group_310x69.jpg\",\"width\":310,\"height\":69,\"caption\":\"DB E.C.O. Group\"},\"image\":{\"@id\":\"https:\\\/\\\/db-eco.com\\\/en\\\/#\\\/schema\\\/logo\\\/image\\\/\"},\"sameAs\":[\"https:\\\/\\\/www.linkedin.com\\\/company\\\/db-e-c-o-group\\\/\"],\"description\":\"Die DB E.C.O. Group setzt sich aus DB Engineering & Consulting, Deutsche Bahn International Operations, infraView, ESE Engineering und Software-Entwicklung, inno2grid sowie weiteren lokalen Gesellschaften, Tochterunternehmen und internationalen Beteiligungen zusammen. Das geb\u00fcndelte Fachwissen der Deutschen Bahn in den Bereichen Engineering, Consulting und Betrieb bildet die Grundlage f\u00fcr die umfassende Infrastrukturkompetenz der Gruppe. Diese Expertise ist integraler Bestandteil aller Leistungen und erm\u00f6glicht die Entwicklung innovativer und nachhaltiger L\u00f6sungen f\u00fcr die Mobilit\u00e4t der Zukunft. Seit Ende 2019 verbindet die B E.C.O. Group ihre fundierte Systemkenntnis des integrierten Schienenverkehrs mit digitalen Technologien entlang der gesamten Wertsch\u00f6pfungskette. Als Full-Service-Dienstleister mit \u00fcber 8.200 Mitarbeitenden aus 90 Nationen bietet das Unternehmen ein zukunftsorientiertes Leistungsportfolio und leistet zugleich einen aktiven Beitrag zum Umwelt- und Klimaschutz. In enger Zusammenarbeit mit Gesch\u00e4ftspartnern werden zuverl\u00e4ssige und wirtschaftliche L\u00f6sungen f\u00fcr komplexe Projekte umgesetzt.\",\"email\":\"eco-group@deutschebahn.com\",\"legalName\":\"DB Engineering & Consulting GmbH, DB E.C.O Group\",\"vatID\":\"DE 114 139 523\",\"numberOfEmployees\":{\"@type\":\"QuantitativeValue\",\"minValue\":\"5001\",\"maxValue\":\"10000\"}}]}<\/script>\n<!-- \/ Yoast SEO Premium plugin. -->","yoast_head_json":{"title":"DB E.C.O. Group Privacy policy | DB E.C.O. Group","description":"DB E.C.O. Group Privacy policy: Learn about our privacy policy and data protection as a customer-oriented quality feature here!","robots":{"index":"index","follow":"follow","max-snippet":"max-snippet:-1","max-image-preview":"max-image-preview:large","max-video-preview":"max-video-preview:-1"},"canonical":"https:\/\/db-eco.com\/en\/privacy-policy-for-competition\/","og_locale":"en_US","og_type":"article","og_title":"Privacy policy for competition","og_description":"DB E.C.O. Group Privacy policy: Learn about our privacy policy and data protection as a customer-oriented quality feature here!","og_url":"https:\/\/db-eco.com\/en\/privacy-policy-for-competition\/","og_site_name":"DB ECO","article_modified_time":"2025-05-06T10:09:46+00:00","twitter_card":"summary_large_image","twitter_misc":{"Est. reading time":"4 minutes"},"schema":{"@context":"https:\/\/schema.org","@graph":[{"@type":"WebPage","@id":"https:\/\/db-eco.com\/en\/privacy-policy-for-competition\/","url":"https:\/\/db-eco.com\/en\/privacy-policy-for-competition\/","name":"DB E.C.O. Group Privacy policy | DB E.C.O. Group","isPartOf":{"@id":"https:\/\/db-eco.com\/en\/#website"},"datePublished":"2020-12-04T13:35:06+00:00","dateModified":"2025-05-06T10:09:46+00:00","description":"DB E.C.O. Group Privacy policy: Learn about our privacy policy and data protection as a customer-oriented quality feature here!","breadcrumb":{"@id":"https:\/\/db-eco.com\/en\/privacy-policy-for-competition\/#breadcrumb"},"inLanguage":"en-US","potentialAction":[{"@type":"ReadAction","target":["https:\/\/db-eco.com\/en\/privacy-policy-for-competition\/"]}]},{"@type":"BreadcrumbList","@id":"https:\/\/db-eco.com\/en\/privacy-policy-for-competition\/#breadcrumb","itemListElement":[{"@type":"ListItem","position":1,"name":"Home","item":"https:\/\/db-eco.com\/en\/"},{"@type":"ListItem","position":2,"name":"Privacy policy for competition"}]},{"@type":"WebSite","@id":"https:\/\/db-eco.com\/en\/#website","url":"https:\/\/db-eco.com\/en\/","name":"DB ECO","description":"Part of DB E.C.O. Group","publisher":{"@id":"https:\/\/db-eco.com\/en\/#organization"},"potentialAction":[{"@type":"SearchAction","target":{"@type":"EntryPoint","urlTemplate":"https:\/\/db-eco.com\/en\/?s={search_term_string}"},"query-input":{"@type":"PropertyValueSpecification","valueRequired":true,"valueName":"search_term_string"}}],"inLanguage":"en-US"},{"@type":"Organization","@id":"https:\/\/db-eco.com\/en\/#organization","name":"DB E.C.O. Group","url":"https:\/\/db-eco.com\/en\/","logo":{"@type":"ImageObject","inLanguage":"en-US","@id":"https:\/\/db-eco.com\/en\/#\/schema\/logo\/image\/","url":"https:\/\/db-eco.com\/wp-content\/uploads\/2022\/10\/Logo_DB-ECO-Group_310x69.jpg","contentUrl":"https:\/\/db-eco.com\/wp-content\/uploads\/2022\/10\/Logo_DB-ECO-Group_310x69.jpg","width":310,"height":69,"caption":"DB E.C.O. Group"},"image":{"@id":"https:\/\/db-eco.com\/en\/#\/schema\/logo\/image\/"},"sameAs":["https:\/\/www.linkedin.com\/company\/db-e-c-o-group\/"],"description":"Die DB E.C.O. Group setzt sich aus DB Engineering & Consulting, Deutsche Bahn International Operations, infraView, ESE Engineering und Software-Entwicklung, inno2grid sowie weiteren lokalen Gesellschaften, Tochterunternehmen und internationalen Beteiligungen zusammen. Das geb\u00fcndelte Fachwissen der Deutschen Bahn in den Bereichen Engineering, Consulting und Betrieb bildet die Grundlage f\u00fcr die umfassende Infrastrukturkompetenz der Gruppe. Diese Expertise ist integraler Bestandteil aller Leistungen und erm\u00f6glicht die Entwicklung innovativer und nachhaltiger L\u00f6sungen f\u00fcr die Mobilit\u00e4t der Zukunft. Seit Ende 2019 verbindet die B E.C.O. Group ihre fundierte Systemkenntnis des integrierten Schienenverkehrs mit digitalen Technologien entlang der gesamten Wertsch\u00f6pfungskette. Als Full-Service-Dienstleister mit \u00fcber 8.200 Mitarbeitenden aus 90 Nationen bietet das Unternehmen ein zukunftsorientiertes Leistungsportfolio und leistet zugleich einen aktiven Beitrag zum Umwelt- und Klimaschutz. In enger Zusammenarbeit mit Gesch\u00e4ftspartnern werden zuverl\u00e4ssige und wirtschaftliche L\u00f6sungen f\u00fcr komplexe Projekte umgesetzt.","email":"eco-group@deutschebahn.com","legalName":"DB Engineering & Consulting GmbH, DB E.C.O Group","vatID":"DE 114 139 523","numberOfEmployees":{"@type":"QuantitativeValue","minValue":"5001","maxValue":"10000"}}]}},"dbec_featured_media":null,"_links":{"self":[{"href":"https:\/\/db-eco.com\/en\/wp-json\/wp\/v2\/pages\/644","targetHints":{"allow":["GET"]}}],"collection":[{"href":"https:\/\/db-eco.com\/en\/wp-json\/wp\/v2\/pages"}],"about":[{"href":"https:\/\/db-eco.com\/en\/wp-json\/wp\/v2\/types\/page"}],"author":[{"embeddable":true,"href":"https:\/\/db-eco.com\/en\/wp-json\/wp\/v2\/users\/5"}],"replies":[{"embeddable":true,"href":"https:\/\/db-eco.com\/en\/wp-json\/wp\/v2\/comments?post=644"}],"version-history":[{"count":9,"href":"https:\/\/db-eco.com\/en\/wp-json\/wp\/v2\/pages\/644\/revisions"}],"predecessor-version":[{"id":7613,"href":"https:\/\/db-eco.com\/en\/wp-json\/wp\/v2\/pages\/644\/revisions\/7613"}],"wp:attachment":[{"href":"https:\/\/db-eco.com\/en\/wp-json\/wp\/v2\/media?parent=644"}],"curies":[{"name":"wp","href":"https:\/\/api.w.org\/{rel}","templated":true}]}}