{"id":643,"date":"2020-12-03T17:18:54","date_gmt":"2020-12-03T16:18:54","guid":{"rendered":"https:\/\/db-eco.com\/?page_id=643"},"modified":"2025-05-06T12:07:43","modified_gmt":"2025-05-06T10:07:43","slug":"datenschutz-gewinnspiel","status":"publish","type":"page","link":"https:\/\/db-eco.com\/de\/datenschutz-gewinnspiel\/","title":{"rendered":"Datenschutzhinweise Gewinnspiel"},"content":{"rendered":"\n<div class=\"wp-block-dbec-core-layout-grid  layout-grid layout-grid--outer-margin-large layout-grid--expanded\"><div class=\"grid grid--child-margin-large\">\n<div class=\"wp-block-dbec-core-layout-column  column is-6-small is-6-medium column--expanded\"><div class=\"layout-column\"><nav class=\"breadcrumbs\"><div class=\"breadcrumbs__inner\"><a class=\"breadcrumbs__home\" href=\"https:\/\/db-eco.com\/de\/\" aria-label=\"Link Home\"><svg class=\"breadcrumbs__home-icon\"><use xlink:href=\"#home\"><\/use><\/svg><\/a> <svg class=\"breadcrumbs__delimiter\"><use xlink:href=\"#icon-arrow-right\"><\/use><\/svg> <span class=\"breadcrumbs__actual-page\">Datenschutzhinweise Gewinnspiel<\/span><\/div><\/nav><\/div><\/div>\n<\/div><\/div>\n\n\n\n<div class=\"wp-block-dbec-core-layout-grid  layout-grid layout-grid--outer-margin-small layout-grid--expanded\"><div class=\"grid grid--child-margin-small\">\n<div class=\"wp-block-dbec-core-layout-column  column is-6-small is-3-medium column--expanded\"><div class=\"layout-column\">\n<h1 class=\"wp-block-heading headline-h2\">Datenschutzhinweise zu unserem Gewinnspiel<\/h1>\n<\/div><\/div>\n\n\n\n<div class=\"wp-block-dbec-core-layout-column  column is-6-small is-2-medium is-offset-left-1-medium column--expanded\"><div class=\"layout-column\">\n<div class=\"wp-block-dbec-core-layout-text  wp-block-dbec-core-layout-text--expanded\"><div class=\"layout-column layout-column--text\">\n<h2 class=\"wp-block-heading headline-h4\">Kontakt <\/h2>\n\n\n<div class=\"contact-person\"><h3 class=\"contact-person__name\">Datenschutz<\/h3><div class=\"contact-person__position\">DB E.C.O. Group<\/div><div class=\"contact-person__address\">DB Engineering &#038; Consulting<br \/>\r\nEUREF-Campus 14<br \/>\r\n10829 Berlin<br \/>\r\nDeutschland<\/div><a class=\"contact-person__link-communication\" href=\"mailto:datenschutz.db-ec@db-eco.com\"><svg class=\"contact-person__icon-mail\"><use xlink:href=\"#icon-mail\"><\/use><\/svg><span>E-Mail<\/span><\/a><\/div><\/div><\/div>\n<\/div><\/div>\n<\/div><\/div>\n\n\n\n<div class=\"wp-block-dbec-core-layout-grid  layout-grid layout-grid--outer-margin-small layout-grid--expanded\"><div class=\"grid grid--child-margin-small\">\n<div class=\"wp-block-dbec-core-layout-column  column is-6-small is-6-medium column--expanded\"><div class=\"layout-column\">\n<div class=\"wp-block-dbec-core-accordion  wp-block-dbec-core-accordion--expanded\"><div class=\"accordion\" data-type=\"single\" data-initially-opened=\"false\"><div class=\"accordion__items\">\n<div class=\"wp-block-dbec-core-accordion-item\"><a-expandable id=\"\" class=\"accordion-item\"><button type=\"button\" slot=\"toggle\" class=\"accordion-item__bar\"><h3 class=\"accordion-item__label\">Wer ist verantwortlich f\u00fcr die Datenerhebung und -verarbeitung? <\/h3><svg class=\"accordion-item__arrow\" aria-hidden=\"true\"><use xlink:href=\"#icon-arrow-down\" \/><\/svg><\/button><div class=\"accordion-item__content\"><div class=\"layout-content\">\n<p>Die DB Engineering &amp; Consulting GmbH, Part of DB E.C.O. Group, EUREF-Campus 14, Torgauer Str. 12-15, 10829 Berlin erhebt und verarbeitet Ihre Daten als Verantwortliche. Die bestellte Datenschutzbeauftragte ist Frau Chris Newiger.<\/p>\n\n\n\n<p>Sollten Sie Fragen zum Datenschutz haben, so kontaktieren Sie bitte per E-Mail: <a href=\"mailto:datenschutz.db-ec@deutschebahn.com\"><strong>datenschutz.db-ec@deutschebahn.com<\/strong><\/a><\/p>\n<\/div><\/div><\/a-expandable><\/div>\n\n\n\n<div class=\"wp-block-dbec-core-accordion-item\"><a-expandable id=\"\" class=\"accordion-item\"><button type=\"button\" slot=\"toggle\" class=\"accordion-item__bar\"><h3 class=\"accordion-item__label\">Welche Daten erheben wir und wie und warum verarbeiten wir Ihre Daten?<\/h3><svg class=\"accordion-item__arrow\" aria-hidden=\"true\"><use xlink:href=\"#icon-arrow-down\" \/><\/svg><\/button><div class=\"accordion-item__content\"><div class=\"layout-content\">\n<p>Wir erheben und verarbeiten Ihre Daten ausschlie\u00dflich zum Zweck der korrekten Abwicklung und Durchf\u00fchrung des Gewinnspiels und zur Versendung der Gewinne. Zur Erf\u00fcllung dieses Zwecks verarbeiten wir folgende personenbezogene Daten: Vor- und Nachname, Kontaktdaten (E-Mail-Adresse), die Sie in das Kontaktformular Gewinnspiel DB E.C.O. Group auf unserer Internetseite eintragen. Von den Gewinnern verarbeiten wir die sp\u00e4ter mitgeteilte Versandanschrift.<\/p>\n\n\n\n<p>Die Verarbeitung dieser Daten ist zur Erf\u00fcllung eines Vertrages mit Ihnen erforderlich und erfolgt aufgrund der Rechtsgrundlage des Artikels 6 Absatz 1 lit. b DSGVO.<\/p>\n<\/div><\/div><\/a-expandable><\/div>\n\n\n\n<div class=\"wp-block-dbec-core-accordion-item\"><a-expandable id=\"\" class=\"accordion-item\"><button type=\"button\" slot=\"toggle\" class=\"accordion-item__bar\"><h3 class=\"accordion-item__label\">Wie lange werden Ihre Daten gespeichert?<\/h3><svg class=\"accordion-item__arrow\" aria-hidden=\"true\"><use xlink:href=\"#icon-arrow-down\" \/><\/svg><\/button><div class=\"accordion-item__content\"><div class=\"layout-content\">\n<p>Wir speichern die im Rahmen des Gewinnspiels erhobenen Daten nur so lange, wie sie f\u00fcr die Erf\u00fcllung des Zwecks, zu dem sie erhoben wurden, erforderlich sind. Nach Ablauf des Gewinnspiels und Auskehrung der Gewinne werden diese innerhalb von vier Wochen gel\u00f6scht.<\/p>\n<\/div><\/div><\/a-expandable><\/div>\n\n\n\n<div class=\"wp-block-dbec-core-accordion-item\"><a-expandable id=\"\" class=\"accordion-item\"><button type=\"button\" slot=\"toggle\" class=\"accordion-item__bar\"><h3 class=\"accordion-item__label\">Werden Daten weitergegeben?<\/h3><svg class=\"accordion-item__arrow\" aria-hidden=\"true\"><use xlink:href=\"#icon-arrow-down\" \/><\/svg><\/button><div class=\"accordion-item__content\"><div class=\"layout-content\">\n<p>Die auf dieser Seite erhobenen personenbezogenen Daten werden nicht an Dritte weitergegeben.<\/p>\n<\/div><\/div><\/a-expandable><\/div>\n\n\n\n<div class=\"wp-block-dbec-core-accordion-item\"><a-expandable id=\"\" class=\"accordion-item\"><button type=\"button\" slot=\"toggle\" class=\"accordion-item__bar\"><h3 class=\"accordion-item__label\">Welche Rechte haben Sie? <\/h3><svg class=\"accordion-item__arrow\" aria-hidden=\"true\"><use xlink:href=\"#icon-arrow-down\" \/><\/svg><\/button><div class=\"accordion-item__content\"><div class=\"layout-content\">\n<ul class=\"wp-block-list\">\n<li>Sie k\u00f6nnen Auskunft dar\u00fcber verlangen, welche Daten \u00fcber Sie gespeichert sind.<\/li>\n\n\n\n<li>Sie k\u00f6nnen Berichtigung, L\u00f6schung und Einschr\u00e4nkung der Bearbeitung (Sperrung) ihrer personenbezogenen Daten verlangen, solange dies gesetzlich zul\u00e4ssig und im Rahmen eines bestehenden Vertragsverh\u00e4ltnisses m\u00f6glich ist.<\/li>\n\n\n\n<li>Sie haben das Recht, Beschwerde bei einer Aufsichtsbeh\u00f6rde einzulegen. Die f\u00fcr die DB Engineering &amp; Consulting GmbH zust\u00e4ndige Aufsichtsbeh\u00f6rde ist: Berliner Beauftragte f\u00fcr Datenschutz und Informationsfreiheit, Friedrichstr. 219, 10969 Berlin, E-Mail: <a href=\"mailto:mailbox@da-tenschutz-berlin.de\" target=\"_blank\" rel=\"noreferrer noopener\">mailbox@da-tenschutz-berlin.de<\/a><\/li>\n\n\n\n<li>Sie haben das Recht auf \u00dcbertragbarkeit derjenigen Daten, die Sie uns auf der Basis einer Einwilligung oder eines Vertrages bereitgestellt haben (Daten\u00fcbertragbarkeit).<\/li>\n\n\n\n<li>Wenn Sie uns eine Einwilligung zur Datenverarbeitung erteilt haben, k\u00f6nnen Sie diese jederzeit auf demselben Wege widerrufen, auf dem Sie sie erteilt haben. Durch den Widerruf der Einwilligung wird die Rechtm\u00e4\u00dfigkeit der aufgrund der Einwilligung bis zum Widerruf erfolgten Verarbeitung nicht ber\u00fchrt.<\/li>\n\n\n\n<li>Sie k\u00f6nnen der Datenverarbeitung aus Gr\u00fcnden, die sich aus Ihrer besonderen Situation ergeben, widersprechen, wenn die Datenverarbeitung aufgrund unserer berechtigten Interessen erfolgt oder f\u00fcr die Wahrnehmung einer \u00f6ffentlichen Aufgabe erforderlich ist.<\/li>\n\n\n\n<li>Sollten wir Ihre Daten verarbeiten, um Direktwerbung zu betreiben, so k\u00f6nnen Sie dieser werblichen Ansprache jederzeit mit Wirkung f\u00fcr die Zukunft wider-sprechen.<\/li>\n<\/ul>\n\n\n\n<p>F\u00fcr die Aus\u00fcbung Ihrer Rechte reicht ein Schreiben auf dem Postweg an DB Engineering &amp; Consulting GmbH, Part of DB E.C.O. Group, Abteilung Marketing Kommunikation, EUREF-Campus 14, Torgauer Stra\u00dfe 12-15, 10829 Berlin oder per E-Mail an <a rel=\"noreferrer noopener\" href=\"mailto:eco-group@deutschebahn.com\" target=\"_blank\">eco-group@deutschebahn.com<\/a><\/p>\n<\/div><\/div><\/a-expandable><\/div>\n\n\n\n<div class=\"wp-block-dbec-core-accordion-item\"><a-expandable id=\"\" class=\"accordion-item\"><button type=\"button\" slot=\"toggle\" class=\"accordion-item__bar\"><h3 class=\"accordion-item__label\">Was passiert bei Links zu externen Seiten?<\/h3><svg class=\"accordion-item__arrow\" aria-hidden=\"true\"><use xlink:href=\"#icon-arrow-down\" \/><\/svg><\/button><div class=\"accordion-item__content\"><div class=\"layout-content\">\n<p>Wenn Sie einen Link auf eine externe Seite anklicken, bewegen Sie sich au\u00dferhalb des Gewinnspiels. Die DB Engineering &amp; Consulting GmbH, Part of DB E.C.O. Group, ist somit nicht verantwortlich f\u00fcr den Inhalt, die Dienste oder Produkte, die auf der verlinkten Webseite angeboten werden und auch nicht f\u00fcr den Datenschutz und die technische Sicherheit auf der verlinkten Webseite.<\/p>\n<\/div><\/div><\/a-expandable><\/div>\n<\/div><\/div><\/div>\n<\/div><\/div>\n<\/div><\/div>\n\n\n\n<div class=\"wp-block-dbec-core-layout-grid  layout-grid layout-grid--outer-margin-small layout-grid--expanded\"><div class=\"grid grid--child-margin-small\">\n<div class=\"wp-block-dbec-core-layout-column  column is-6-small is-6-medium column--expanded\"><div class=\"layout-column\">\n<div class=\"wp-block-dbec-core-layout-text  wp-block-dbec-core-layout-text--expanded\"><div class=\"layout-column layout-column--text\">\n<h2 class=\"wp-block-heading headline-h4\"><strong>Aktualisierung des Datenschutzhinweises<\/strong><\/h2>\n\n\n\n<p>Wir passen den Datenschutzhinweis an ver\u00e4nderte Funktionalit\u00e4ten oder ge\u00e4nderte Rechtslagen an. Daher empfehlen wir, den Datenschutzhinweis bei Aufruf einer neueren Version des Gewinnspiels zur Kenntnis zu nehmen.<\/p>\n\n\n\n<p>Stand: 03.12.2020<\/p>\n<\/div><\/div>\n<\/div><\/div>\n<\/div><\/div>\n","protected":false},"excerpt":{"rendered":"","protected":false},"author":5,"featured_media":0,"parent":0,"menu_order":0,"comment_status":"closed","ping_status":"closed","template":"","meta":{"post_allow-other-domains":"","footnotes":""},"class_list":["post-643","page","type-page","status-publish","hentry"],"yoast_head":"<!-- This site is optimized with the Yoast SEO Premium plugin v26.1 (Yoast SEO v27.4) - https:\/\/yoast.com\/product\/yoast-seo-premium-wordpress\/ -->\n<title>Datenschutz DB E.C.O. Group Gewinnspiel | DB E.C.O. Group<\/title>\n<meta name=\"description\" content=\"Datenschutz DB E.C.O. Group Gewinnspiel: Erfahren Sie hier alles rund unseren Datenschutz als kundenorientiertes Qualit\u00e4tsmerkmal hier!\" \/>\n<meta name=\"robots\" content=\"index, follow, max-snippet:-1, max-image-preview:large, max-video-preview:-1\" \/>\n<link rel=\"canonical\" href=\"https:\/\/db-eco.com\/de\/datenschutz-gewinnspiel\/\" \/>\n<meta property=\"og:locale\" content=\"de_DE\" \/>\n<meta property=\"og:type\" content=\"article\" \/>\n<meta property=\"og:title\" content=\"Datenschutzhinweise Gewinnspiel\" \/>\n<meta property=\"og:description\" content=\"Datenschutz DB E.C.O. Group Gewinnspiel: Erfahren Sie hier alles rund unseren Datenschutz als kundenorientiertes Qualit\u00e4tsmerkmal hier!\" \/>\n<meta property=\"og:url\" content=\"https:\/\/db-eco.com\/de\/datenschutz-gewinnspiel\/\" \/>\n<meta property=\"og:site_name\" content=\"DB ECO\" \/>\n<meta property=\"article:modified_time\" content=\"2025-05-06T10:07:43+00:00\" \/>\n<meta name=\"twitter:card\" content=\"summary_large_image\" \/>\n<meta name=\"twitter:label1\" content=\"Gesch\u00e4tzte Lesezeit\" \/>\n\t<meta name=\"twitter:data1\" content=\"3\u00a0Minuten\" \/>\n<script type=\"application\/ld+json\" class=\"yoast-schema-graph\">{\"@context\":\"https:\\\/\\\/schema.org\",\"@graph\":[{\"@type\":\"WebPage\",\"@id\":\"https:\\\/\\\/db-eco.com\\\/de\\\/datenschutz-gewinnspiel\\\/\",\"url\":\"https:\\\/\\\/db-eco.com\\\/de\\\/datenschutz-gewinnspiel\\\/\",\"name\":\"Datenschutz DB E.C.O. Group Gewinnspiel | DB E.C.O. Group\",\"isPartOf\":{\"@id\":\"https:\\\/\\\/db-eco.com\\\/de\\\/#website\"},\"datePublished\":\"2020-12-03T16:18:54+00:00\",\"dateModified\":\"2025-05-06T10:07:43+00:00\",\"description\":\"Datenschutz DB E.C.O. Group Gewinnspiel: Erfahren Sie hier alles rund unseren Datenschutz als kundenorientiertes Qualit\u00e4tsmerkmal hier!\",\"breadcrumb\":{\"@id\":\"https:\\\/\\\/db-eco.com\\\/de\\\/datenschutz-gewinnspiel\\\/#breadcrumb\"},\"inLanguage\":\"de\",\"potentialAction\":[{\"@type\":\"ReadAction\",\"target\":[\"https:\\\/\\\/db-eco.com\\\/de\\\/datenschutz-gewinnspiel\\\/\"]}]},{\"@type\":\"BreadcrumbList\",\"@id\":\"https:\\\/\\\/db-eco.com\\\/de\\\/datenschutz-gewinnspiel\\\/#breadcrumb\",\"itemListElement\":[{\"@type\":\"ListItem\",\"position\":1,\"name\":\"Home\",\"item\":\"https:\\\/\\\/db-eco.com\\\/de\\\/\"},{\"@type\":\"ListItem\",\"position\":2,\"name\":\"Datenschutzhinweise Gewinnspiel\"}]},{\"@type\":\"WebSite\",\"@id\":\"https:\\\/\\\/db-eco.com\\\/de\\\/#website\",\"url\":\"https:\\\/\\\/db-eco.com\\\/de\\\/\",\"name\":\"DB ECO\",\"description\":\"Part of DB E.C.O. Group\",\"publisher\":{\"@id\":\"https:\\\/\\\/db-eco.com\\\/de\\\/#organization\"},\"potentialAction\":[{\"@type\":\"SearchAction\",\"target\":{\"@type\":\"EntryPoint\",\"urlTemplate\":\"https:\\\/\\\/db-eco.com\\\/de\\\/?s={search_term_string}\"},\"query-input\":{\"@type\":\"PropertyValueSpecification\",\"valueRequired\":true,\"valueName\":\"search_term_string\"}}],\"inLanguage\":\"de\"},{\"@type\":\"Organization\",\"@id\":\"https:\\\/\\\/db-eco.com\\\/de\\\/#organization\",\"name\":\"DB E.C.O. Group\",\"url\":\"https:\\\/\\\/db-eco.com\\\/de\\\/\",\"logo\":{\"@type\":\"ImageObject\",\"inLanguage\":\"de\",\"@id\":\"https:\\\/\\\/db-eco.com\\\/de\\\/#\\\/schema\\\/logo\\\/image\\\/\",\"url\":\"https:\\\/\\\/db-eco.com\\\/wp-content\\\/uploads\\\/2022\\\/10\\\/Logo_DB-ECO-Group_310x69.jpg\",\"contentUrl\":\"https:\\\/\\\/db-eco.com\\\/wp-content\\\/uploads\\\/2022\\\/10\\\/Logo_DB-ECO-Group_310x69.jpg\",\"width\":310,\"height\":69,\"caption\":\"DB E.C.O. Group\"},\"image\":{\"@id\":\"https:\\\/\\\/db-eco.com\\\/de\\\/#\\\/schema\\\/logo\\\/image\\\/\"},\"sameAs\":[\"https:\\\/\\\/www.linkedin.com\\\/company\\\/db-e-c-o-group\\\/\"],\"description\":\"Die DB E.C.O. Group setzt sich aus DB Engineering & Consulting, Deutsche Bahn International Operations, infraView, ESE Engineering und Software-Entwicklung, inno2grid sowie weiteren lokalen Gesellschaften, Tochterunternehmen und internationalen Beteiligungen zusammen. Das geb\u00fcndelte Fachwissen der Deutschen Bahn in den Bereichen Engineering, Consulting und Betrieb bildet die Grundlage f\u00fcr die umfassende Infrastrukturkompetenz der Gruppe. Diese Expertise ist integraler Bestandteil aller Leistungen und erm\u00f6glicht die Entwicklung innovativer und nachhaltiger L\u00f6sungen f\u00fcr die Mobilit\u00e4t der Zukunft. Seit Ende 2019 verbindet die B E.C.O. Group ihre fundierte Systemkenntnis des integrierten Schienenverkehrs mit digitalen Technologien entlang der gesamten Wertsch\u00f6pfungskette. Als Full-Service-Dienstleister mit \u00fcber 8.200 Mitarbeitenden aus 90 Nationen bietet das Unternehmen ein zukunftsorientiertes Leistungsportfolio und leistet zugleich einen aktiven Beitrag zum Umwelt- und Klimaschutz. In enger Zusammenarbeit mit Gesch\u00e4ftspartnern werden zuverl\u00e4ssige und wirtschaftliche L\u00f6sungen f\u00fcr komplexe Projekte umgesetzt.\",\"email\":\"eco-group@deutschebahn.com\",\"legalName\":\"DB Engineering & Consulting GmbH, DB E.C.O Group\",\"vatID\":\"DE 114 139 523\",\"numberOfEmployees\":{\"@type\":\"QuantitativeValue\",\"minValue\":\"5001\",\"maxValue\":\"10000\"}}]}<\/script>\n<!-- \/ Yoast SEO Premium plugin. -->","yoast_head_json":{"title":"Datenschutz DB E.C.O. Group Gewinnspiel | DB E.C.O. Group","description":"Datenschutz DB E.C.O. Group Gewinnspiel: Erfahren Sie hier alles rund unseren Datenschutz als kundenorientiertes Qualit\u00e4tsmerkmal hier!","robots":{"index":"index","follow":"follow","max-snippet":"max-snippet:-1","max-image-preview":"max-image-preview:large","max-video-preview":"max-video-preview:-1"},"canonical":"https:\/\/db-eco.com\/de\/datenschutz-gewinnspiel\/","og_locale":"de_DE","og_type":"article","og_title":"Datenschutzhinweise Gewinnspiel","og_description":"Datenschutz DB E.C.O. Group Gewinnspiel: Erfahren Sie hier alles rund unseren Datenschutz als kundenorientiertes Qualit\u00e4tsmerkmal hier!","og_url":"https:\/\/db-eco.com\/de\/datenschutz-gewinnspiel\/","og_site_name":"DB ECO","article_modified_time":"2025-05-06T10:07:43+00:00","twitter_card":"summary_large_image","twitter_misc":{"Gesch\u00e4tzte Lesezeit":"3\u00a0Minuten"},"schema":{"@context":"https:\/\/schema.org","@graph":[{"@type":"WebPage","@id":"https:\/\/db-eco.com\/de\/datenschutz-gewinnspiel\/","url":"https:\/\/db-eco.com\/de\/datenschutz-gewinnspiel\/","name":"Datenschutz DB E.C.O. Group Gewinnspiel | DB E.C.O. Group","isPartOf":{"@id":"https:\/\/db-eco.com\/de\/#website"},"datePublished":"2020-12-03T16:18:54+00:00","dateModified":"2025-05-06T10:07:43+00:00","description":"Datenschutz DB E.C.O. Group Gewinnspiel: Erfahren Sie hier alles rund unseren Datenschutz als kundenorientiertes Qualit\u00e4tsmerkmal hier!","breadcrumb":{"@id":"https:\/\/db-eco.com\/de\/datenschutz-gewinnspiel\/#breadcrumb"},"inLanguage":"de","potentialAction":[{"@type":"ReadAction","target":["https:\/\/db-eco.com\/de\/datenschutz-gewinnspiel\/"]}]},{"@type":"BreadcrumbList","@id":"https:\/\/db-eco.com\/de\/datenschutz-gewinnspiel\/#breadcrumb","itemListElement":[{"@type":"ListItem","position":1,"name":"Home","item":"https:\/\/db-eco.com\/de\/"},{"@type":"ListItem","position":2,"name":"Datenschutzhinweise Gewinnspiel"}]},{"@type":"WebSite","@id":"https:\/\/db-eco.com\/de\/#website","url":"https:\/\/db-eco.com\/de\/","name":"DB ECO","description":"Part of DB E.C.O. Group","publisher":{"@id":"https:\/\/db-eco.com\/de\/#organization"},"potentialAction":[{"@type":"SearchAction","target":{"@type":"EntryPoint","urlTemplate":"https:\/\/db-eco.com\/de\/?s={search_term_string}"},"query-input":{"@type":"PropertyValueSpecification","valueRequired":true,"valueName":"search_term_string"}}],"inLanguage":"de"},{"@type":"Organization","@id":"https:\/\/db-eco.com\/de\/#organization","name":"DB E.C.O. Group","url":"https:\/\/db-eco.com\/de\/","logo":{"@type":"ImageObject","inLanguage":"de","@id":"https:\/\/db-eco.com\/de\/#\/schema\/logo\/image\/","url":"https:\/\/db-eco.com\/wp-content\/uploads\/2022\/10\/Logo_DB-ECO-Group_310x69.jpg","contentUrl":"https:\/\/db-eco.com\/wp-content\/uploads\/2022\/10\/Logo_DB-ECO-Group_310x69.jpg","width":310,"height":69,"caption":"DB E.C.O. Group"},"image":{"@id":"https:\/\/db-eco.com\/de\/#\/schema\/logo\/image\/"},"sameAs":["https:\/\/www.linkedin.com\/company\/db-e-c-o-group\/"],"description":"Die DB E.C.O. Group setzt sich aus DB Engineering & Consulting, Deutsche Bahn International Operations, infraView, ESE Engineering und Software-Entwicklung, inno2grid sowie weiteren lokalen Gesellschaften, Tochterunternehmen und internationalen Beteiligungen zusammen. Das geb\u00fcndelte Fachwissen der Deutschen Bahn in den Bereichen Engineering, Consulting und Betrieb bildet die Grundlage f\u00fcr die umfassende Infrastrukturkompetenz der Gruppe. Diese Expertise ist integraler Bestandteil aller Leistungen und erm\u00f6glicht die Entwicklung innovativer und nachhaltiger L\u00f6sungen f\u00fcr die Mobilit\u00e4t der Zukunft. Seit Ende 2019 verbindet die B E.C.O. Group ihre fundierte Systemkenntnis des integrierten Schienenverkehrs mit digitalen Technologien entlang der gesamten Wertsch\u00f6pfungskette. Als Full-Service-Dienstleister mit \u00fcber 8.200 Mitarbeitenden aus 90 Nationen bietet das Unternehmen ein zukunftsorientiertes Leistungsportfolio und leistet zugleich einen aktiven Beitrag zum Umwelt- und Klimaschutz. In enger Zusammenarbeit mit Gesch\u00e4ftspartnern werden zuverl\u00e4ssige und wirtschaftliche L\u00f6sungen f\u00fcr komplexe Projekte umgesetzt.","email":"eco-group@deutschebahn.com","legalName":"DB Engineering & Consulting GmbH, DB E.C.O Group","vatID":"DE 114 139 523","numberOfEmployees":{"@type":"QuantitativeValue","minValue":"5001","maxValue":"10000"}}]}},"dbec_featured_media":null,"_links":{"self":[{"href":"https:\/\/db-eco.com\/de\/wp-json\/wp\/v2\/pages\/643","targetHints":{"allow":["GET"]}}],"collection":[{"href":"https:\/\/db-eco.com\/de\/wp-json\/wp\/v2\/pages"}],"about":[{"href":"https:\/\/db-eco.com\/de\/wp-json\/wp\/v2\/types\/page"}],"author":[{"embeddable":true,"href":"https:\/\/db-eco.com\/de\/wp-json\/wp\/v2\/users\/5"}],"replies":[{"embeddable":true,"href":"https:\/\/db-eco.com\/de\/wp-json\/wp\/v2\/comments?post=643"}],"version-history":[{"count":4,"href":"https:\/\/db-eco.com\/de\/wp-json\/wp\/v2\/pages\/643\/revisions"}],"predecessor-version":[{"id":7599,"href":"https:\/\/db-eco.com\/de\/wp-json\/wp\/v2\/pages\/643\/revisions\/7599"}],"wp:attachment":[{"href":"https:\/\/db-eco.com\/de\/wp-json\/wp\/v2\/media?parent=643"}],"curies":[{"name":"wp","href":"https:\/\/api.w.org\/{rel}","templated":true}]}}