{"id":508,"date":"2020-11-23T13:01:26","date_gmt":"2020-11-23T12:01:26","guid":{"rendered":"https:\/\/db-eco.com\/?page_id=508"},"modified":"2024-06-21T11:34:37","modified_gmt":"2024-06-21T09:34:37","slug":"impressum","status":"publish","type":"page","link":"https:\/\/db-eco.com\/de\/impressum\/","title":{"rendered":"Impressum"},"content":{"rendered":"\n<div class=\"wp-block-dbec-core-layout-grid  layout-grid layout-grid--outer-margin-large layout-grid--expanded\"><div class=\"grid grid--child-margin-small\">\n<div class=\"wp-block-dbec-core-layout-column  column is-6-small is-6-medium column--expanded\"><div class=\"layout-column\"><nav class=\"breadcrumbs\"><div class=\"breadcrumbs__inner\"><a class=\"breadcrumbs__home\" href=\"https:\/\/db-eco.com\/de\/\" aria-label=\"Link Home\"><svg class=\"breadcrumbs__home-icon\"><use xlink:href=\"#home\"><\/use><\/svg><\/a> <svg class=\"breadcrumbs__delimiter\"><use xlink:href=\"#icon-arrow-right\"><\/use><\/svg> <span class=\"breadcrumbs__actual-page\">Impressum<\/span><\/div><\/nav><\/div><\/div>\n<\/div><\/div>\n\n\n\n<div class=\"wp-block-dbec-core-layout-grid  layout-grid layout-grid--outer-margin-small layout-grid--expanded\"><div class=\"grid grid--child-margin-small\">\n<div class=\"wp-block-dbec-core-layout-column  column is-6-small is-3-medium column--expanded\"><div class=\"layout-column\">\n<h1 class=\"wp-block-heading\">Impressum<\/h1>\n\n\n\n<div class=\"wp-block-dbec-core-layout-text  wp-block-dbec-core-layout-text--expanded\"><div class=\"layout-column layout-column--text\">\n<h2 class=\"wp-block-heading headline-h4\">Dies ist eine Seite der DB E.C.O. Group<\/h2>\n\n\n\n<p id=\"block-ea0dbc33-8546-49c2-b177-d533ff1ca857\"><strong>DB Engineering &amp; Consulting GmbH, DB E.C.O. Group<br>EUREF-Campus 14<br><\/strong><br><strong>10829 Berlin<\/strong><\/p>\n\n\n\n<p id=\"block-63bb10b7-57e9-4d4b-84bb-92e530527a29\">AG Berlin-Charlottenburg HRB 56655<\/p>\n\n\n\n<p id=\"block-f844e614-678d-4eb6-91e2-ece22d05d6fc\">Ust Idnr.: DE 114 139 523<\/p>\n\n\n\n<p id=\"block-76e213e3-63e4-4e18-8444-4ab2b1d4dbea\">Die DB E.C.O. Group wird vertreten durch:&nbsp;<br>Niko Warbanoff (Vorsitzender), Dr. Ulla Kopp, Stefan Geisperger, Andrea Bertallot, Jeroen Hansmann<\/p>\n\n\n\n<p id=\"block-fc9cf37b-c003-431c-b2eb-11a0f5926fe5\">Bei Fragen und Anmerkungen zu diesem Internetauftritt wenden Sie sich bitte an: <\/p>\n\n\n\n<p id=\"block-fc9cf37b-c003-431c-b2eb-11a0f5926fe5\"><a href=\"mailto:eco-group@deutschebahn.com\" target=\"_blank\" rel=\"noreferrer noopener\">eco-group@deutschebahn.com<\/a><\/p>\n\n\n\n<p>Zur Vereinbarung eines&nbsp;telefonischen R\u00fcckrufs,&nbsp;benutzen Sie unser Kontaktformular \u2013 wir werden uns in K\u00fcrze bei Ihnen melden: <\/p>\n<\/div><\/div>\n\n\n<div class=\"contact-form\">\n<div class=\"wpcf7 no-js\" id=\"wpcf7-f44-o1\" lang=\"de-DE\" dir=\"ltr\" data-wpcf7-id=\"44\">\n<div class=\"screen-reader-response\"><p role=\"status\" aria-live=\"polite\" aria-atomic=\"true\"><\/p> <ul><\/ul><\/div>\n<form action=\"\/de\/wp-json\/wp\/v2\/pages\/508#wpcf7-f44-o1\" method=\"post\" class=\"wpcf7-form init\" aria-label=\"Kontaktformular\" novalidate=\"novalidate\" data-status=\"init\">\n<fieldset class=\"hidden-fields-container\"><input type=\"hidden\" name=\"_wpcf7\" value=\"44\" \/><input type=\"hidden\" name=\"_wpcf7_version\" value=\"6.1.5\" \/><input type=\"hidden\" name=\"_wpcf7_locale\" value=\"de_DE\" \/><input type=\"hidden\" name=\"_wpcf7_unit_tag\" value=\"wpcf7-f44-o1\" \/><input type=\"hidden\" name=\"_wpcf7_container_post\" value=\"0\" \/><input type=\"hidden\" name=\"_wpcf7_posted_data_hash\" value=\"\" \/>\n<\/fieldset>\n<p><br \/>\n<span class=\"wpcf7-form-control-wrap\" data-name=\"gender\"><span class=\"wpcf7-form-control wpcf7-radio\" id=\"gender\"><span class=\"wpcf7-list-item first\"><label><input type=\"radio\" name=\"gender\" value=\"Frau\" checked=\"checked\" \/><span class=\"wpcf7-list-item-label\">Frau<\/span><\/label><\/span><span class=\"wpcf7-list-item\"><label><input type=\"radio\" name=\"gender\" value=\"Herr\" \/><span class=\"wpcf7-list-item-label\">Herr<\/span><\/label><\/span><span class=\"wpcf7-list-item\"><label><input type=\"radio\" name=\"gender\" value=\"Divers\" \/><span class=\"wpcf7-list-item-label\">Divers<\/span><\/label><\/span><span class=\"wpcf7-list-item last\"><label><input type=\"radio\" name=\"gender\" value=\"Keine Angabe\" \/><span class=\"wpcf7-list-item-label\">Keine Angabe<\/span><\/label><\/span><\/span><\/span>\n<\/p>\n<p><label for=\"your-name\">Vorname *<\/label>\n<\/p>\n<p><span class=\"wpcf7-form-control-wrap\" data-name=\"your-name\"><input size=\"40\" maxlength=\"400\" class=\"wpcf7-form-control wpcf7-text wpcf7-validates-as-required\" id=\"your-name\" autocomplete=\"name\" aria-required=\"true\" aria-invalid=\"false\" value=\"\" type=\"text\" name=\"your-name\" \/><\/span>\n<\/p>\n<p><label for=\"your-surname\">Nachname *<\/label>\n<\/p>\n<p><span class=\"wpcf7-form-control-wrap\" data-name=\"your-surname\"><input size=\"40\" maxlength=\"400\" class=\"wpcf7-form-control wpcf7-text wpcf7-validates-as-required\" id=\"your-surname\" autocomplete=\"family-name\" aria-required=\"true\" aria-invalid=\"false\" value=\"\" type=\"text\" name=\"your-surname\" \/><\/span>\n<\/p>\n<p><label for=\"your-company\">Firma<\/label>\n<\/p>\n<p><span class=\"wpcf7-form-control-wrap\" data-name=\"your-company\"><input size=\"40\" maxlength=\"400\" class=\"wpcf7-form-control wpcf7-text\" id=\"your-company\" aria-invalid=\"false\" value=\"\" type=\"text\" name=\"your-company\" \/><\/span>\n<\/p>\n<p><label for=\"your-phone-number\">Telefonnummer *<\/label>\n<\/p>\n<p><span class=\"wpcf7-form-control-wrap\" data-name=\"your-phone-number\"><input size=\"40\" maxlength=\"400\" class=\"wpcf7-form-control wpcf7-text\" id=\"your-phone-number\" aria-invalid=\"false\" value=\"\" type=\"text\" name=\"your-phone-number\" \/><\/span>\n<\/p>\n<p><label for=\"your-email\">E-Mail<\/label>\n<\/p>\n<p><span class=\"wpcf7-form-control-wrap\" data-name=\"your-email\"><input size=\"40\" maxlength=\"400\" class=\"wpcf7-form-control wpcf7-email wpcf7-validates-as-required wpcf7-text wpcf7-validates-as-email\" id=\"your-email\" aria-required=\"true\" aria-invalid=\"false\" value=\"\" type=\"email\" name=\"your-email\" \/><\/span>\n<\/p>\n<p><label for=\"your-message\">Wie k\u00f6nnen wir Ihnen helfen?<\/label>\n<\/p>\n<p><span class=\"wpcf7-form-control-wrap\" data-name=\"your-message\"><textarea cols=\"40\" rows=\"10\" maxlength=\"2000\" class=\"wpcf7-form-control wpcf7-textarea\" id=\"your-message\" aria-invalid=\"false\" name=\"your-message\"><\/textarea><\/span>\n<\/p>\n<p><span id=\"wpcf7-69d586f028ac3-wrapper\" class=\"wpcf7-form-control-wrap your-phone-wrap\" style=\"display:none !important; visibility:hidden !important;\"><label for=\"phone\" class=\"hp-message\">Bitte lasse dieses Feld leer.<\/label><input id=\"phone\"  placeholder=\"phone\"  class=\"wpcf7-form-control wpcf7-text\" type=\"text\" name=\"your-phone\" value=\"\" size=\"40\" tabindex=\"-1\" autocomplete=\"new-password\" \/><\/span><span id=\"wpcf7-69d586f028b17-wrapper\" class=\"wpcf7-form-control-wrap honeypot-211-wrap\" style=\"display:none !important; visibility:hidden !important;\"><input type=\"hidden\" name=\"honeypot-211-time-start\" value=\"1775601392\"><input type=\"hidden\" name=\"honeypot-211-time-check\" value=\"4\"><label for=\"wpcf7-69d586f028b17-field\" class=\"hp-message\">Bitte lasse dieses Feld leer.<\/label><input id=\"wpcf7-69d586f028b17-field\"  class=\"wpcf7-form-control wpcf7-text\" type=\"text\" name=\"honeypot-211\" value=\"\" size=\"40\" tabindex=\"-1\" autocomplete=\"new-password\" \/><\/span>\n<\/p>\n<p>* Mit Stern markierte Felder sind Pflichtfelder\n<\/p>\n<p>Unsere <a href=\"https:\/\/db-eco.com\/de\/datenschutz-db-eco-group\/\" target=\"_blank\" style=\"color:#ec0016; text-decoration:none\" >Datenschutzhinweise finden Sie hier<\/a>.\n<\/p>\n<p><input class=\"wpcf7-form-control wpcf7-submit has-spinner\" type=\"submit\" value=\"Formular abschicken\" \/>\n<\/p><div class=\"wpcf7-response-output\" aria-hidden=\"true\"><\/div>\n<\/form>\n<\/div>\n<\/div><\/div><\/div>\n\n\n\n<div class=\"wp-block-dbec-core-layout-column  column is-6-small is-2-medium is-offset-left-1-medium column--expanded\"><div class=\"layout-column\"><div class=\"wp-block-dbec-core-social-sharing\"><div class=\"social-sharing\" data-subject=\"\" data-recipient=\"\" data-body=\"\"><span class=\"social-sharing__label\">Social Sharing<\/span><div class=\"social-sharing__links\"><a class=\"social-sharing__link social-sharing__link--linkedin\" href=\"\/\" target=\"_blank\" rel=\"noopener noreferrer\" aria-label=\"Link LinkedIn\"><svg class=\"social-sharing__icon\"><use xlink:href=\"#icon-linked-in\"\/><\/svg><\/a><a class=\"social-sharing__link social-sharing__link--mail\" href=\"\/\" target=\"_blank\" rel=\"noopener noreferrer\" aria-label=\"Link Mail\"><svg class=\"social-sharing__icon\"><use xlink:href=\"#icon-mail\"\/><\/svg><\/a><\/div><\/div><\/div><\/div><\/div>\n<\/div><\/div>\n","protected":false},"excerpt":{"rendered":"","protected":false},"author":5,"featured_media":0,"parent":0,"menu_order":0,"comment_status":"closed","ping_status":"closed","template":"","meta":{"post_allow-other-domains":"","footnotes":""},"class_list":["post-508","page","type-page","status-publish","hentry"],"yoast_head":"<!-- This site is optimized with the Yoast SEO Premium plugin v26.1 (Yoast SEO v27.3) - https:\/\/yoast.com\/product\/yoast-seo-premium-wordpress\/ -->\n<title>Impressum der DB E.C.O Group | DB E.C.O. Group<\/title>\n<meta name=\"description\" content=\"Impressum der DB E.C.O. Group - Transforming the future of mobiliy.\" \/>\n<meta name=\"robots\" content=\"index, follow, max-snippet:-1, max-image-preview:large, max-video-preview:-1\" \/>\n<link rel=\"canonical\" href=\"https:\/\/db-eco.com\/de\/impressum\/\" \/>\n<meta property=\"og:locale\" content=\"de_DE\" \/>\n<meta property=\"og:type\" content=\"article\" \/>\n<meta property=\"og:title\" content=\"Impressum\" \/>\n<meta property=\"og:description\" content=\"Impressum der DB E.C.O. Group - Transforming the future of mobiliy.\" \/>\n<meta property=\"og:url\" content=\"https:\/\/db-eco.com\/de\/impressum\/\" \/>\n<meta property=\"og:site_name\" content=\"DB ECO\" \/>\n<meta property=\"article:modified_time\" content=\"2024-06-21T09:34:37+00:00\" \/>\n<meta name=\"twitter:card\" content=\"summary_large_image\" \/>\n<meta name=\"twitter:label1\" content=\"Gesch\u00e4tzte Lesezeit\" \/>\n\t<meta name=\"twitter:data1\" content=\"1\u00a0Minute\" \/>\n<script type=\"application\/ld+json\" class=\"yoast-schema-graph\">{\"@context\":\"https:\\\/\\\/schema.org\",\"@graph\":[{\"@type\":\"WebPage\",\"@id\":\"https:\\\/\\\/db-eco.com\\\/de\\\/impressum\\\/\",\"url\":\"https:\\\/\\\/db-eco.com\\\/de\\\/impressum\\\/\",\"name\":\"Impressum der DB E.C.O Group | DB E.C.O. Group\",\"isPartOf\":{\"@id\":\"https:\\\/\\\/db-eco.com\\\/de\\\/#website\"},\"datePublished\":\"2020-11-23T12:01:26+00:00\",\"dateModified\":\"2024-06-21T09:34:37+00:00\",\"description\":\"Impressum der DB E.C.O. Group - Transforming the future of mobiliy.\",\"breadcrumb\":{\"@id\":\"https:\\\/\\\/db-eco.com\\\/de\\\/impressum\\\/#breadcrumb\"},\"inLanguage\":\"de\",\"potentialAction\":[{\"@type\":\"ReadAction\",\"target\":[\"https:\\\/\\\/db-eco.com\\\/de\\\/impressum\\\/\"]}]},{\"@type\":\"BreadcrumbList\",\"@id\":\"https:\\\/\\\/db-eco.com\\\/de\\\/impressum\\\/#breadcrumb\",\"itemListElement\":[{\"@type\":\"ListItem\",\"position\":1,\"name\":\"Home\",\"item\":\"https:\\\/\\\/db-eco.com\\\/de\\\/\"},{\"@type\":\"ListItem\",\"position\":2,\"name\":\"Impressum\"}]},{\"@type\":\"WebSite\",\"@id\":\"https:\\\/\\\/db-eco.com\\\/de\\\/#website\",\"url\":\"https:\\\/\\\/db-eco.com\\\/de\\\/\",\"name\":\"DB ECO\",\"description\":\"Part of DB E.C.O. Group\",\"publisher\":{\"@id\":\"https:\\\/\\\/db-eco.com\\\/de\\\/#organization\"},\"potentialAction\":[{\"@type\":\"SearchAction\",\"target\":{\"@type\":\"EntryPoint\",\"urlTemplate\":\"https:\\\/\\\/db-eco.com\\\/de\\\/?s={search_term_string}\"},\"query-input\":{\"@type\":\"PropertyValueSpecification\",\"valueRequired\":true,\"valueName\":\"search_term_string\"}}],\"inLanguage\":\"de\"},{\"@type\":\"Organization\",\"@id\":\"https:\\\/\\\/db-eco.com\\\/de\\\/#organization\",\"name\":\"DB E.C.O. Group\",\"url\":\"https:\\\/\\\/db-eco.com\\\/de\\\/\",\"logo\":{\"@type\":\"ImageObject\",\"inLanguage\":\"de\",\"@id\":\"https:\\\/\\\/db-eco.com\\\/de\\\/#\\\/schema\\\/logo\\\/image\\\/\",\"url\":\"https:\\\/\\\/db-eco.com\\\/wp-content\\\/uploads\\\/2022\\\/10\\\/Logo_DB-ECO-Group_310x69.jpg\",\"contentUrl\":\"https:\\\/\\\/db-eco.com\\\/wp-content\\\/uploads\\\/2022\\\/10\\\/Logo_DB-ECO-Group_310x69.jpg\",\"width\":310,\"height\":69,\"caption\":\"DB E.C.O. Group\"},\"image\":{\"@id\":\"https:\\\/\\\/db-eco.com\\\/de\\\/#\\\/schema\\\/logo\\\/image\\\/\"},\"sameAs\":[\"https:\\\/\\\/www.linkedin.com\\\/company\\\/db-e-c-o-group\\\/\"],\"description\":\"Die DB E.C.O. Group setzt sich aus DB Engineering & Consulting, Deutsche Bahn International Operations, infraView, ESE Engineering und Software-Entwicklung, inno2grid sowie weiteren lokalen Gesellschaften, Tochterunternehmen und internationalen Beteiligungen zusammen. Das geb\u00fcndelte Fachwissen der Deutschen Bahn in den Bereichen Engineering, Consulting und Betrieb bildet die Grundlage f\u00fcr die umfassende Infrastrukturkompetenz der Gruppe. Diese Expertise ist integraler Bestandteil aller Leistungen und erm\u00f6glicht die Entwicklung innovativer und nachhaltiger L\u00f6sungen f\u00fcr die Mobilit\u00e4t der Zukunft. Seit Ende 2019 verbindet die B E.C.O. Group ihre fundierte Systemkenntnis des integrierten Schienenverkehrs mit digitalen Technologien entlang der gesamten Wertsch\u00f6pfungskette. Als Full-Service-Dienstleister mit \u00fcber 8.200 Mitarbeitenden aus 90 Nationen bietet das Unternehmen ein zukunftsorientiertes Leistungsportfolio und leistet zugleich einen aktiven Beitrag zum Umwelt- und Klimaschutz. In enger Zusammenarbeit mit Gesch\u00e4ftspartnern werden zuverl\u00e4ssige und wirtschaftliche L\u00f6sungen f\u00fcr komplexe Projekte umgesetzt.\",\"email\":\"eco-group@deutschebahn.com\",\"legalName\":\"DB Engineering & Consulting GmbH, DB E.C.O Group\",\"vatID\":\"DE 114 139 523\",\"numberOfEmployees\":{\"@type\":\"QuantitativeValue\",\"minValue\":\"5001\",\"maxValue\":\"10000\"}}]}<\/script>\n<!-- \/ Yoast SEO Premium plugin. -->","yoast_head_json":{"title":"Impressum der DB E.C.O Group | DB E.C.O. Group","description":"Impressum der DB E.C.O. Group - Transforming the future of mobiliy.","robots":{"index":"index","follow":"follow","max-snippet":"max-snippet:-1","max-image-preview":"max-image-preview:large","max-video-preview":"max-video-preview:-1"},"canonical":"https:\/\/db-eco.com\/de\/impressum\/","og_locale":"de_DE","og_type":"article","og_title":"Impressum","og_description":"Impressum der DB E.C.O. Group - Transforming the future of mobiliy.","og_url":"https:\/\/db-eco.com\/de\/impressum\/","og_site_name":"DB ECO","article_modified_time":"2024-06-21T09:34:37+00:00","twitter_card":"summary_large_image","twitter_misc":{"Gesch\u00e4tzte Lesezeit":"1\u00a0Minute"},"schema":{"@context":"https:\/\/schema.org","@graph":[{"@type":"WebPage","@id":"https:\/\/db-eco.com\/de\/impressum\/","url":"https:\/\/db-eco.com\/de\/impressum\/","name":"Impressum der DB E.C.O Group | DB E.C.O. Group","isPartOf":{"@id":"https:\/\/db-eco.com\/de\/#website"},"datePublished":"2020-11-23T12:01:26+00:00","dateModified":"2024-06-21T09:34:37+00:00","description":"Impressum der DB E.C.O. Group - Transforming the future of mobiliy.","breadcrumb":{"@id":"https:\/\/db-eco.com\/de\/impressum\/#breadcrumb"},"inLanguage":"de","potentialAction":[{"@type":"ReadAction","target":["https:\/\/db-eco.com\/de\/impressum\/"]}]},{"@type":"BreadcrumbList","@id":"https:\/\/db-eco.com\/de\/impressum\/#breadcrumb","itemListElement":[{"@type":"ListItem","position":1,"name":"Home","item":"https:\/\/db-eco.com\/de\/"},{"@type":"ListItem","position":2,"name":"Impressum"}]},{"@type":"WebSite","@id":"https:\/\/db-eco.com\/de\/#website","url":"https:\/\/db-eco.com\/de\/","name":"DB ECO","description":"Part of DB E.C.O. Group","publisher":{"@id":"https:\/\/db-eco.com\/de\/#organization"},"potentialAction":[{"@type":"SearchAction","target":{"@type":"EntryPoint","urlTemplate":"https:\/\/db-eco.com\/de\/?s={search_term_string}"},"query-input":{"@type":"PropertyValueSpecification","valueRequired":true,"valueName":"search_term_string"}}],"inLanguage":"de"},{"@type":"Organization","@id":"https:\/\/db-eco.com\/de\/#organization","name":"DB E.C.O. Group","url":"https:\/\/db-eco.com\/de\/","logo":{"@type":"ImageObject","inLanguage":"de","@id":"https:\/\/db-eco.com\/de\/#\/schema\/logo\/image\/","url":"https:\/\/db-eco.com\/wp-content\/uploads\/2022\/10\/Logo_DB-ECO-Group_310x69.jpg","contentUrl":"https:\/\/db-eco.com\/wp-content\/uploads\/2022\/10\/Logo_DB-ECO-Group_310x69.jpg","width":310,"height":69,"caption":"DB E.C.O. Group"},"image":{"@id":"https:\/\/db-eco.com\/de\/#\/schema\/logo\/image\/"},"sameAs":["https:\/\/www.linkedin.com\/company\/db-e-c-o-group\/"],"description":"Die DB E.C.O. Group setzt sich aus DB Engineering & Consulting, Deutsche Bahn International Operations, infraView, ESE Engineering und Software-Entwicklung, inno2grid sowie weiteren lokalen Gesellschaften, Tochterunternehmen und internationalen Beteiligungen zusammen. Das geb\u00fcndelte Fachwissen der Deutschen Bahn in den Bereichen Engineering, Consulting und Betrieb bildet die Grundlage f\u00fcr die umfassende Infrastrukturkompetenz der Gruppe. Diese Expertise ist integraler Bestandteil aller Leistungen und erm\u00f6glicht die Entwicklung innovativer und nachhaltiger L\u00f6sungen f\u00fcr die Mobilit\u00e4t der Zukunft. Seit Ende 2019 verbindet die B E.C.O. Group ihre fundierte Systemkenntnis des integrierten Schienenverkehrs mit digitalen Technologien entlang der gesamten Wertsch\u00f6pfungskette. Als Full-Service-Dienstleister mit \u00fcber 8.200 Mitarbeitenden aus 90 Nationen bietet das Unternehmen ein zukunftsorientiertes Leistungsportfolio und leistet zugleich einen aktiven Beitrag zum Umwelt- und Klimaschutz. In enger Zusammenarbeit mit Gesch\u00e4ftspartnern werden zuverl\u00e4ssige und wirtschaftliche L\u00f6sungen f\u00fcr komplexe Projekte umgesetzt.","email":"eco-group@deutschebahn.com","legalName":"DB Engineering & Consulting GmbH, DB E.C.O Group","vatID":"DE 114 139 523","numberOfEmployees":{"@type":"QuantitativeValue","minValue":"5001","maxValue":"10000"}}]}},"dbec_featured_media":null,"_links":{"self":[{"href":"https:\/\/db-eco.com\/de\/wp-json\/wp\/v2\/pages\/508","targetHints":{"allow":["GET"]}}],"collection":[{"href":"https:\/\/db-eco.com\/de\/wp-json\/wp\/v2\/pages"}],"about":[{"href":"https:\/\/db-eco.com\/de\/wp-json\/wp\/v2\/types\/page"}],"author":[{"embeddable":true,"href":"https:\/\/db-eco.com\/de\/wp-json\/wp\/v2\/users\/5"}],"replies":[{"embeddable":true,"href":"https:\/\/db-eco.com\/de\/wp-json\/wp\/v2\/comments?post=508"}],"version-history":[{"count":13,"href":"https:\/\/db-eco.com\/de\/wp-json\/wp\/v2\/pages\/508\/revisions"}],"predecessor-version":[{"id":6248,"href":"https:\/\/db-eco.com\/de\/wp-json\/wp\/v2\/pages\/508\/revisions\/6248"}],"wp:attachment":[{"href":"https:\/\/db-eco.com\/de\/wp-json\/wp\/v2\/media?parent=508"}],"curies":[{"name":"wp","href":"https:\/\/api.w.org\/{rel}","templated":true}]}}