{"id":2756,"date":"2022-11-11T15:56:00","date_gmt":"2022-11-11T14:56:00","guid":{"rendered":"https:\/\/db-eco.com\/?page_id=2756"},"modified":"2026-04-13T15:06:01","modified_gmt":"2026-04-13T13:06:01","slug":"compliance","status":"publish","type":"page","link":"https:\/\/db-eco.com\/de\/compliance\/","title":{"rendered":"Compliance"},"content":{"rendered":"\n<div class=\"wp-block-dbec-core-layout-grid  layout-grid layout-grid--outer-margin-large layout-grid--expanded\"><div class=\"grid grid--child-margin-small\">\n<div class=\"wp-block-dbec-core-layout-column  column is-6-small is-6-medium column--expanded\"><div class=\"layout-column\"><nav class=\"breadcrumbs\"><div class=\"breadcrumbs__inner\"><a class=\"breadcrumbs__home\" href=\"https:\/\/db-eco.com\/de\/\" aria-label=\"Link Home\"><svg class=\"breadcrumbs__home-icon\"><use xlink:href=\"#home\"><\/use><\/svg><\/a> <svg class=\"breadcrumbs__delimiter\"><use xlink:href=\"#icon-arrow-right\"><\/use><\/svg> <span class=\"breadcrumbs__actual-page\">Compliance<\/span><\/div><\/nav><\/div><\/div>\n<\/div><\/div>\n\n\n\n<div class=\"wp-block-dbec-core-layout-grid  layout-grid layout-grid--outer-margin-small layout-grid--expanded\"><div class=\"grid grid--child-margin-small\">\n<div class=\"wp-block-dbec-core-layout-column  column is-6-small is-3-medium column--expanded\"><div class=\"layout-column\">\n<h1 class=\"wp-block-heading\" id=\"h-fur-ein-gutes-miteinander\">F\u00fcr ein gutes Miteinander<\/h1>\n\n\n\n<div class=\"wp-block-dbec-core-layout-text  wp-block-dbec-core-layout-text--expanded\"><div class=\"layout-column layout-column--text\">\n<div class=\"wp-block-dbec-core-sub-headline\"><p class=\"sub-headline\">Jeden Tag aufs Neue sind Herausforderungen zu bew\u00e4ltigen und wichtige Entscheidungen zu treffen. Dass dabei die hierf\u00fcr ma\u00dfgeblichen Gesetze und Regelungen eingehalten werden, ist eine Selbstverst\u00e4ndlichkeit und Grundvoraussetzung f\u00fcr einen nachhaltigen unternehmerischen Erfolg der DB E.C.O. Group.<\/p><\/div>\n<\/div><\/div>\n\n\n\n<h2 class=\"wp-block-heading headline-h4\" id=\"h-compliance-integres-handeln-als-schlussel-fur-nachhaltigen-erfolg\">Compliance: Integres Handeln als Schl\u00fcssel f\u00fcr nachhaltigen Erfolg<\/h2>\n\n\n\n<p>Compliance bezeichnet im DB-Konzern die Einhaltung aller anwendbaren Gesetze, Regeln und Richtlinien. Der Fokus der Compliance-Aktivit\u00e4ten als Teil des Risikomanagements liegt dabei auf der Pr\u00e4vention von Korruption und klassischer Wirtschaftskriminalit\u00e4t.<\/p>\n\n\n\n<p>Der DB Verhaltenskodex Ethik dient hierbei als verbindlicher Ma\u00dfstab unseres Handelns f\u00fcr den Gesch\u00e4ftsalltag. Die Einhaltung von Regeln und integres Verhalten erwarten wir nicht nur von unseren eigenen Mitarbeitenden und F\u00fchrungskr\u00e4ften, sondern auch von unseren Gesch\u00e4ftspartnern. F\u00fcr diese existiert ein besonderer Verhaltenskodex.<\/p>\n<\/div><\/div>\n\n\n\n<div class=\"wp-block-dbec-core-layout-column  column is-6-small is-2-medium is-offset-left-1-medium column--expanded\"><div class=\"layout-column\"><div class=\"wp-block-dbec-core-social-sharing\"><div class=\"social-sharing\" data-subject=\"\" data-recipient=\"\" data-body=\"\"><span class=\"social-sharing__label\">Social Sharing<\/span><div class=\"social-sharing__links\"><a class=\"social-sharing__link social-sharing__link--linkedin\" href=\"\/\" target=\"_blank\" rel=\"noopener noreferrer\" aria-label=\"Link LinkedIn\"><svg class=\"social-sharing__icon\"><use xlink:href=\"#icon-linked-in\"\/><\/svg><\/a><a class=\"social-sharing__link social-sharing__link--mail\" href=\"\/\" target=\"_blank\" rel=\"noopener noreferrer\" aria-label=\"Link Mail\"><svg class=\"social-sharing__icon\"><use xlink:href=\"#icon-mail\"\/><\/svg><\/a><\/div><\/div><\/div>\n\n\n<div class=\"wp-block-dbec-core-layout-text  wp-block-dbec-core-layout-text--expanded\"><div class=\"layout-column layout-column--text\">\n<h2 class=\"wp-block-heading headline-h4\" id=\"h-kontakt\">Kontakt <\/h2>\n<\/div><\/div>\n\n\n\n<div class=\"wp-block-dbec-core-accordion  wp-block-dbec-core-accordion--expanded\"><div class=\"accordion\" data-type=\"single\" data-initially-opened=\"false\"><div class=\"accordion__items\">\n<div class=\"wp-block-dbec-core-accordion-item-flex\"><a-expandable id=\"\" class=\"accordion-item\"><button type=\"button\" slot=\"toggle\" class=\"accordion-item__bar\"><h3 class=\"accordion-item__label\">Heike Elisabeth Witteler<\/h3><svg class=\"accordion-item__arrow\" aria-hidden=\"true\"><use xlink:href=\"#icon-arrow-down\" \/><\/svg><\/button><div class=\"accordion-item__content\"><div class=\"accordion-item__content-inner-flex\">\n<div class=\"wp-block-dbec-core-layout-grid  layout-grid layout-grid--outer-margin-none layout-grid--expanded\"><div class=\"grid grid--child-margin-large\">\n<div class=\"wp-block-dbec-core-layout-column  column is-6-small is-6-medium column--expanded\"><div class=\"layout-column\"><div class=\"contact-person\"><h3 class=\"contact-person__name\">Compliance Officer DB E&#038;C<\/h3><div class=\"contact-person__position\">DB Engineering &#038; Consulting<br>Part of DB E.C.O. Group<\/div><div class=\"contact-person__address\">DB E.C.O. Group<br \/>\r\nEUREF-Campus 14<br \/>\r\n10829 Berlin<br \/>\r\nDeutschland<\/div><a class=\"contact-person__link-communication\" href=\"mailto:heike.witteler@db-eco.com\"><svg class=\"contact-person__icon-mail\"><use xlink:href=\"#icon-mail\"><\/use><\/svg><span>E-Mail<\/span><\/a><\/div><\/div><\/div>\n<\/div><\/div>\n<\/div><\/div><\/a-expandable><\/div>\n\n\n\n<div class=\"wp-block-dbec-core-accordion-item-flex\"><a-expandable id=\"\" class=\"accordion-item\"><button type=\"button\" slot=\"toggle\" class=\"accordion-item__bar\"><h3 class=\"accordion-item__label\">Nomuundar Batnasan<\/h3><svg class=\"accordion-item__arrow\" aria-hidden=\"true\"><use xlink:href=\"#icon-arrow-down\" \/><\/svg><\/button><div class=\"accordion-item__content\"><div class=\"accordion-item__content-inner-flex\">\n<div class=\"wp-block-dbec-core-layout-grid  layout-grid layout-grid--outer-margin-none layout-grid--expanded\"><div class=\"grid grid--child-margin-large\">\n<div class=\"wp-block-dbec-core-layout-column  column is-6-small is-6-medium column--expanded\"><div class=\"layout-column\"><div class=\"contact-person\"><h3 class=\"contact-person__name\">Compliance Officer DB IO<\/h3><div class=\"contact-person__position\">DB International Operations<br>Part of DB E.C.O. Group<\/div><div class=\"contact-person__address\">DB E.C.O. Group<br \/>\r\nTorgauer Str. 12-15<br \/>\r\n10829 Berlin<br \/>\r\nDeutschland<\/div><a class=\"contact-person__link-communication\" href=\"mailto:Nomuundar.Batnasan@db-eco.com\"><svg class=\"contact-person__icon-mail\"><use xlink:href=\"#icon-mail\"><\/use><\/svg><span>E-Mail<\/span><\/a><\/div><\/div><\/div>\n<\/div><\/div>\n<\/div><\/div><\/a-expandable><\/div>\n<\/div><\/div><\/div>\n\n\n\n<div class=\"wp-block-dbec-core-line line\"><hr\/><\/div>\n\n\n\n<div class=\"wp-block-dbec-core-layout-text  wp-block-dbec-core-layout-text--expanded\"><div class=\"layout-column layout-column--text\">\n<h2 class=\"wp-block-heading headline-h4\" id=\"h-db-verhaltenskodex\">DB Verhaltenskodex<\/h2>\n\n\n\n<div class=\"wp-block-dbec-core-base-button\"><div class=\"wrapper-base-button wrapper-base-button--left\"><a class=\"base-button base-button--ghost\" href=\"https:\/\/db-eco.com\/wp-content\/uploads\/2024\/01\/1010105_V4_0_DE_2024.pdf\" target=\"download\" rel=\"noopener\"><span class=\"base-button__label\">Verhaltenskodex herunterladen<\/span><svg class=\"base-button__icon\"><use xlink:href=\"#icon-download\" \/><\/svg><\/a><\/div><\/div>\n<\/div><\/div>\n<\/div><\/div>\n\n\n\n<div class=\"wp-block-dbec-core-layout-column  column is-6-small is-6-medium column--expanded\"><div class=\"layout-column\">\n<h2 class=\"wp-block-heading headline-h4\" id=\"h-hinweise-auf-vermutete-wirtschaftskriminalitat\">Hinweise auf vermutete Wirtschaftskriminalit\u00e4t<\/h2>\n\n\n\n<p>Haben Sie Informationen \u00fcber vermutete Wirtschaftskriminalit\u00e4t, so nehmen wir diese gerne entgegen. Hinweise werden streng vertraulich behandelt, auf Wunsch auch anonym. Alle Meldewege sowie <a href=\"https:\/\/www.deutschebahn.com\/de\/konzern\/konzernprofil\/compliance\/hinweise_geben-6878688\">weitere Informationen zum Hinweismanagement finden Sie hier.<\/a><\/p>\n\n\n\n<h3 class=\"wp-block-heading headline-h4\" id=\"h-mehr-informationen\">Mehr Informationen:<\/h3>\n\n\n\n<ul class=\"wp-block-list\">\n<li><a href=\"https:\/\/www.deutschebahn.com\/de\/konzern\/konzernprofil\/compliance\" target=\"_blank\" rel=\"noreferrer noopener\">Compliance bei der DB<\/a><\/li>\n\n\n\n<li><a href=\"https:\/\/www.deutschebahn.com\/de\/konzern\/konzernprofil\/compliance\/geschaeftspartner\" target=\"_blank\" rel=\"noreferrer noopener\">Informationen f\u00fcr unsere Gesch\u00e4ftspartner<\/a><\/li>\n<\/ul>\n<\/div><\/div>\n<\/div><\/div>\n\n\n\n<div class=\"wp-block-dbec-core-layout-grid  layout-grid layout-grid--outer-margin-small layout-grid--expanded\"><div class=\"grid grid--child-margin-large\">\n<div class=\"wp-block-dbec-core-layout-column  column is-6-small is-6-medium column--expanded\"><div class=\"layout-column\">\n<div class=\"wp-block-dbec-core-text-image-teaser  text-image-teaser--align-image-left\"><div class=\"text-image-teaser text-image-teaser--align-image-left text-image-teaser--fade-in-static\"><div class=\"grid\"><div class=\"column is-6-small is-4-medium text-image-teaser__column-image\"><div class=\"text-image-teaser__wrapper-media\">\n<div class=\"wp-block-dbec-core-figure\"><figure class=\"figure\"><div class=\"figure__inner\"><img decoding=\"async\" class=\"figure__image\" src=\"https:\/\/db-eco.com\/wp-content\/uploads\/2023\/12\/Soziale-Verantwortung_AdobeStock_300992644-scaled-e1706779951589.jpeg\" srcset=\"\" alt=\"Soziale Verantwortung: Gr\u00fcne Welt mit Glaskugel\" loading=\"lazy\" sizes=\"(min-width: 1330px) 1200px, (min-width: 768px) calc(100vw - 130px), calc(100vw - 60px)\"\/><div class=\"label-reference\" data-image-reference=\"vegefox.com\/stock.adobe.com\"><\/div><\/div><\/figure><\/div>\n<\/div><\/div><div class=\"column is-6-small is-2-medium text-image-teaser__column-text\"><div class=\"text-image-teaser__container-text\"><h2 class=\"text-image-teaser__headline\">Verantwortung \u00fcbernehmen<\/h2><p class=\"text-image-teaser__copy\">Soziale Verantwortung und Nachhaltigkeit haben bei der DB E.C.O. Group einen zentralen Stellenwert. Wir verstehen das als eine gelebte \u00dcberzeugung und Motor f\u00fcr positive Ver\u00e4nderungen, die \u00fcber unser Unternehmen hinausreichen.<\/p><a class=\"base-button base-button--ghost\" href=\"https:\/\/db-eco.com\/de\/corporate-responsibility\/\" target=\"_self\" rel=\"noopener noreferrer\"><span class=\"base-button__label\">Mehr zu Corporate Responsibility<\/span><\/a><\/div><\/div><\/div><\/div><\/div>\n<\/div><\/div>\n<\/div><\/div>\n","protected":false},"excerpt":{"rendered":"","protected":false},"author":5,"featured_media":2767,"parent":0,"menu_order":0,"comment_status":"closed","ping_status":"closed","template":"","meta":{"post_allow-other-domains":"","footnotes":""},"class_list":["post-2756","page","type-page","status-publish","has-post-thumbnail","hentry"],"yoast_head":"<!-- This site is optimized with the Yoast SEO Premium plugin v26.1 (Yoast SEO v27.4) - https:\/\/yoast.com\/product\/yoast-seo-premium-wordpress\/ -->\n<title>Compliance f\u00fcr ein gutes Miteinander | DB E.C.O. Group<\/title>\n<meta name=\"description\" content=\"Compliance ist einer der Grundvoraussetzung f\u00fcr den unternehmerischen Erfolg der DB E.C.O. Group. Mehr erfahren!\" \/>\n<meta name=\"robots\" content=\"index, follow, max-snippet:-1, max-image-preview:large, max-video-preview:-1\" \/>\n<link rel=\"canonical\" href=\"https:\/\/db-eco.com\/de\/compliance\/\" \/>\n<meta property=\"og:locale\" content=\"de_DE\" \/>\n<meta property=\"og:type\" content=\"article\" \/>\n<meta property=\"og:title\" content=\"Compliance\" \/>\n<meta property=\"og:description\" content=\"Compliance ist einer der Grundvoraussetzung f\u00fcr den unternehmerischen Erfolg der DB E.C.O. Group. Mehr erfahren!\" \/>\n<meta property=\"og:url\" content=\"https:\/\/db-eco.com\/de\/compliance\/\" \/>\n<meta property=\"og:site_name\" content=\"DB ECO\" \/>\n<meta property=\"article:modified_time\" content=\"2026-04-13T13:06:01+00:00\" \/>\n<meta property=\"og:image\" content=\"https:\/\/db-eco.com\/wp-content\/uploads\/2022\/11\/dbec1836k_fotolia_compliance.jpg\" \/>\n\t<meta property=\"og:image:width\" content=\"1600\" \/>\n\t<meta property=\"og:image:height\" content=\"1018\" \/>\n\t<meta property=\"og:image:type\" content=\"image\/jpeg\" \/>\n<meta name=\"twitter:card\" content=\"summary_large_image\" \/>\n<meta name=\"twitter:label1\" content=\"Gesch\u00e4tzte Lesezeit\" \/>\n\t<meta name=\"twitter:data1\" content=\"2\u00a0Minuten\" \/>\n<script type=\"application\/ld+json\" class=\"yoast-schema-graph\">{\"@context\":\"https:\\\/\\\/schema.org\",\"@graph\":[{\"@type\":\"WebPage\",\"@id\":\"https:\\\/\\\/db-eco.com\\\/de\\\/compliance\\\/\",\"url\":\"https:\\\/\\\/db-eco.com\\\/de\\\/compliance\\\/\",\"name\":\"Compliance f\u00fcr ein gutes Miteinander | DB E.C.O. Group\",\"isPartOf\":{\"@id\":\"https:\\\/\\\/db-eco.com\\\/de\\\/#website\"},\"primaryImageOfPage\":{\"@id\":\"https:\\\/\\\/db-eco.com\\\/de\\\/compliance\\\/#primaryimage\"},\"image\":{\"@id\":\"https:\\\/\\\/db-eco.com\\\/de\\\/compliance\\\/#primaryimage\"},\"thumbnailUrl\":\"https:\\\/\\\/db-eco.com\\\/wp-content\\\/uploads\\\/2022\\\/11\\\/dbec1836k_fotolia_compliance.jpg\",\"datePublished\":\"2022-11-11T14:56:00+00:00\",\"dateModified\":\"2026-04-13T13:06:01+00:00\",\"description\":\"Compliance ist einer der Grundvoraussetzung f\u00fcr den unternehmerischen Erfolg der DB E.C.O. Group. Mehr erfahren!\",\"breadcrumb\":{\"@id\":\"https:\\\/\\\/db-eco.com\\\/de\\\/compliance\\\/#breadcrumb\"},\"inLanguage\":\"de\",\"potentialAction\":[{\"@type\":\"ReadAction\",\"target\":[\"https:\\\/\\\/db-eco.com\\\/de\\\/compliance\\\/\"]}]},{\"@type\":\"ImageObject\",\"inLanguage\":\"de\",\"@id\":\"https:\\\/\\\/db-eco.com\\\/de\\\/compliance\\\/#primaryimage\",\"url\":\"https:\\\/\\\/db-eco.com\\\/wp-content\\\/uploads\\\/2022\\\/11\\\/dbec1836k_fotolia_compliance.jpg\",\"contentUrl\":\"https:\\\/\\\/db-eco.com\\\/wp-content\\\/uploads\\\/2022\\\/11\\\/dbec1836k_fotolia_compliance.jpg\",\"width\":1600,\"height\":1018,\"caption\":\"FotolEdhar \\\/ Fotolia.com\"},{\"@type\":\"BreadcrumbList\",\"@id\":\"https:\\\/\\\/db-eco.com\\\/de\\\/compliance\\\/#breadcrumb\",\"itemListElement\":[{\"@type\":\"ListItem\",\"position\":1,\"name\":\"Home\",\"item\":\"https:\\\/\\\/db-eco.com\\\/de\\\/\"},{\"@type\":\"ListItem\",\"position\":2,\"name\":\"Compliance\"}]},{\"@type\":\"WebSite\",\"@id\":\"https:\\\/\\\/db-eco.com\\\/de\\\/#website\",\"url\":\"https:\\\/\\\/db-eco.com\\\/de\\\/\",\"name\":\"DB ECO\",\"description\":\"Part of DB E.C.O. Group\",\"publisher\":{\"@id\":\"https:\\\/\\\/db-eco.com\\\/de\\\/#organization\"},\"potentialAction\":[{\"@type\":\"SearchAction\",\"target\":{\"@type\":\"EntryPoint\",\"urlTemplate\":\"https:\\\/\\\/db-eco.com\\\/de\\\/?s={search_term_string}\"},\"query-input\":{\"@type\":\"PropertyValueSpecification\",\"valueRequired\":true,\"valueName\":\"search_term_string\"}}],\"inLanguage\":\"de\"},{\"@type\":\"Organization\",\"@id\":\"https:\\\/\\\/db-eco.com\\\/de\\\/#organization\",\"name\":\"DB E.C.O. Group\",\"url\":\"https:\\\/\\\/db-eco.com\\\/de\\\/\",\"logo\":{\"@type\":\"ImageObject\",\"inLanguage\":\"de\",\"@id\":\"https:\\\/\\\/db-eco.com\\\/de\\\/#\\\/schema\\\/logo\\\/image\\\/\",\"url\":\"https:\\\/\\\/db-eco.com\\\/wp-content\\\/uploads\\\/2022\\\/10\\\/Logo_DB-ECO-Group_310x69.jpg\",\"contentUrl\":\"https:\\\/\\\/db-eco.com\\\/wp-content\\\/uploads\\\/2022\\\/10\\\/Logo_DB-ECO-Group_310x69.jpg\",\"width\":310,\"height\":69,\"caption\":\"DB E.C.O. Group\"},\"image\":{\"@id\":\"https:\\\/\\\/db-eco.com\\\/de\\\/#\\\/schema\\\/logo\\\/image\\\/\"},\"sameAs\":[\"https:\\\/\\\/www.linkedin.com\\\/company\\\/db-e-c-o-group\\\/\"],\"description\":\"Die DB E.C.O. Group setzt sich aus DB Engineering & Consulting, Deutsche Bahn International Operations, infraView, ESE Engineering und Software-Entwicklung, inno2grid sowie weiteren lokalen Gesellschaften, Tochterunternehmen und internationalen Beteiligungen zusammen. Das geb\u00fcndelte Fachwissen der Deutschen Bahn in den Bereichen Engineering, Consulting und Betrieb bildet die Grundlage f\u00fcr die umfassende Infrastrukturkompetenz der Gruppe. Diese Expertise ist integraler Bestandteil aller Leistungen und erm\u00f6glicht die Entwicklung innovativer und nachhaltiger L\u00f6sungen f\u00fcr die Mobilit\u00e4t der Zukunft. Seit Ende 2019 verbindet die B E.C.O. Group ihre fundierte Systemkenntnis des integrierten Schienenverkehrs mit digitalen Technologien entlang der gesamten Wertsch\u00f6pfungskette. Als Full-Service-Dienstleister mit \u00fcber 8.200 Mitarbeitenden aus 90 Nationen bietet das Unternehmen ein zukunftsorientiertes Leistungsportfolio und leistet zugleich einen aktiven Beitrag zum Umwelt- und Klimaschutz. In enger Zusammenarbeit mit Gesch\u00e4ftspartnern werden zuverl\u00e4ssige und wirtschaftliche L\u00f6sungen f\u00fcr komplexe Projekte umgesetzt.\",\"email\":\"eco-group@deutschebahn.com\",\"legalName\":\"DB Engineering & Consulting GmbH, DB E.C.O Group\",\"vatID\":\"DE 114 139 523\",\"numberOfEmployees\":{\"@type\":\"QuantitativeValue\",\"minValue\":\"5001\",\"maxValue\":\"10000\"}}]}<\/script>\n<!-- \/ Yoast SEO Premium plugin. -->","yoast_head_json":{"title":"Compliance f\u00fcr ein gutes Miteinander | DB E.C.O. Group","description":"Compliance ist einer der Grundvoraussetzung f\u00fcr den unternehmerischen Erfolg der DB E.C.O. Group. Mehr erfahren!","robots":{"index":"index","follow":"follow","max-snippet":"max-snippet:-1","max-image-preview":"max-image-preview:large","max-video-preview":"max-video-preview:-1"},"canonical":"https:\/\/db-eco.com\/de\/compliance\/","og_locale":"de_DE","og_type":"article","og_title":"Compliance","og_description":"Compliance ist einer der Grundvoraussetzung f\u00fcr den unternehmerischen Erfolg der DB E.C.O. Group. Mehr erfahren!","og_url":"https:\/\/db-eco.com\/de\/compliance\/","og_site_name":"DB ECO","article_modified_time":"2026-04-13T13:06:01+00:00","og_image":[{"width":1600,"height":1018,"url":"https:\/\/db-eco.com\/wp-content\/uploads\/2022\/11\/dbec1836k_fotolia_compliance.jpg","type":"image\/jpeg"}],"twitter_card":"summary_large_image","twitter_misc":{"Gesch\u00e4tzte Lesezeit":"2\u00a0Minuten"},"schema":{"@context":"https:\/\/schema.org","@graph":[{"@type":"WebPage","@id":"https:\/\/db-eco.com\/de\/compliance\/","url":"https:\/\/db-eco.com\/de\/compliance\/","name":"Compliance f\u00fcr ein gutes Miteinander | DB E.C.O. Group","isPartOf":{"@id":"https:\/\/db-eco.com\/de\/#website"},"primaryImageOfPage":{"@id":"https:\/\/db-eco.com\/de\/compliance\/#primaryimage"},"image":{"@id":"https:\/\/db-eco.com\/de\/compliance\/#primaryimage"},"thumbnailUrl":"https:\/\/db-eco.com\/wp-content\/uploads\/2022\/11\/dbec1836k_fotolia_compliance.jpg","datePublished":"2022-11-11T14:56:00+00:00","dateModified":"2026-04-13T13:06:01+00:00","description":"Compliance ist einer der Grundvoraussetzung f\u00fcr den unternehmerischen Erfolg der DB E.C.O. Group. Mehr erfahren!","breadcrumb":{"@id":"https:\/\/db-eco.com\/de\/compliance\/#breadcrumb"},"inLanguage":"de","potentialAction":[{"@type":"ReadAction","target":["https:\/\/db-eco.com\/de\/compliance\/"]}]},{"@type":"ImageObject","inLanguage":"de","@id":"https:\/\/db-eco.com\/de\/compliance\/#primaryimage","url":"https:\/\/db-eco.com\/wp-content\/uploads\/2022\/11\/dbec1836k_fotolia_compliance.jpg","contentUrl":"https:\/\/db-eco.com\/wp-content\/uploads\/2022\/11\/dbec1836k_fotolia_compliance.jpg","width":1600,"height":1018,"caption":"FotolEdhar \/ Fotolia.com"},{"@type":"BreadcrumbList","@id":"https:\/\/db-eco.com\/de\/compliance\/#breadcrumb","itemListElement":[{"@type":"ListItem","position":1,"name":"Home","item":"https:\/\/db-eco.com\/de\/"},{"@type":"ListItem","position":2,"name":"Compliance"}]},{"@type":"WebSite","@id":"https:\/\/db-eco.com\/de\/#website","url":"https:\/\/db-eco.com\/de\/","name":"DB ECO","description":"Part of DB E.C.O. Group","publisher":{"@id":"https:\/\/db-eco.com\/de\/#organization"},"potentialAction":[{"@type":"SearchAction","target":{"@type":"EntryPoint","urlTemplate":"https:\/\/db-eco.com\/de\/?s={search_term_string}"},"query-input":{"@type":"PropertyValueSpecification","valueRequired":true,"valueName":"search_term_string"}}],"inLanguage":"de"},{"@type":"Organization","@id":"https:\/\/db-eco.com\/de\/#organization","name":"DB E.C.O. Group","url":"https:\/\/db-eco.com\/de\/","logo":{"@type":"ImageObject","inLanguage":"de","@id":"https:\/\/db-eco.com\/de\/#\/schema\/logo\/image\/","url":"https:\/\/db-eco.com\/wp-content\/uploads\/2022\/10\/Logo_DB-ECO-Group_310x69.jpg","contentUrl":"https:\/\/db-eco.com\/wp-content\/uploads\/2022\/10\/Logo_DB-ECO-Group_310x69.jpg","width":310,"height":69,"caption":"DB E.C.O. Group"},"image":{"@id":"https:\/\/db-eco.com\/de\/#\/schema\/logo\/image\/"},"sameAs":["https:\/\/www.linkedin.com\/company\/db-e-c-o-group\/"],"description":"Die DB E.C.O. Group setzt sich aus DB Engineering & Consulting, Deutsche Bahn International Operations, infraView, ESE Engineering und Software-Entwicklung, inno2grid sowie weiteren lokalen Gesellschaften, Tochterunternehmen und internationalen Beteiligungen zusammen. Das geb\u00fcndelte Fachwissen der Deutschen Bahn in den Bereichen Engineering, Consulting und Betrieb bildet die Grundlage f\u00fcr die umfassende Infrastrukturkompetenz der Gruppe. Diese Expertise ist integraler Bestandteil aller Leistungen und erm\u00f6glicht die Entwicklung innovativer und nachhaltiger L\u00f6sungen f\u00fcr die Mobilit\u00e4t der Zukunft. Seit Ende 2019 verbindet die B E.C.O. Group ihre fundierte Systemkenntnis des integrierten Schienenverkehrs mit digitalen Technologien entlang der gesamten Wertsch\u00f6pfungskette. Als Full-Service-Dienstleister mit \u00fcber 8.200 Mitarbeitenden aus 90 Nationen bietet das Unternehmen ein zukunftsorientiertes Leistungsportfolio und leistet zugleich einen aktiven Beitrag zum Umwelt- und Klimaschutz. In enger Zusammenarbeit mit Gesch\u00e4ftspartnern werden zuverl\u00e4ssige und wirtschaftliche L\u00f6sungen f\u00fcr komplexe Projekte umgesetzt.","email":"eco-group@deutschebahn.com","legalName":"DB Engineering & Consulting GmbH, DB E.C.O Group","vatID":"DE 114 139 523","numberOfEmployees":{"@type":"QuantitativeValue","minValue":"5001","maxValue":"10000"}}]}},"dbec_featured_media":{"source_url":"https:\/\/db-eco.com\/wp-content\/uploads\/2022\/11\/dbec1836k_fotolia_compliance-300x191.jpg","source_set":"https:\/\/db-eco.com\/wp-content\/uploads\/2022\/11\/dbec1836k_fotolia_compliance-300x191.jpg 300w, https:\/\/db-eco.com\/wp-content\/uploads\/2022\/11\/dbec1836k_fotolia_compliance-1024x652.jpg 1024w, https:\/\/db-eco.com\/wp-content\/uploads\/2022\/11\/dbec1836k_fotolia_compliance-768x489.jpg 768w, https:\/\/db-eco.com\/wp-content\/uploads\/2022\/11\/dbec1836k_fotolia_compliance-1536x977.jpg 1536w, https:\/\/db-eco.com\/wp-content\/uploads\/2022\/11\/dbec1836k_fotolia_compliance-520x331.jpg 520w, https:\/\/db-eco.com\/wp-content\/uploads\/2022\/11\/dbec1836k_fotolia_compliance-1280x814.jpg 1280w, https:\/\/db-eco.com\/wp-content\/uploads\/2022\/11\/dbec1836k_fotolia_compliance.jpg 1600w","caption":"FotolEdhar \/ Fotolia.com","alt":"Compliance: Gesch\u00e4ftspartner beim H\u00e4ndesch\u00fctteln"},"_links":{"self":[{"href":"https:\/\/db-eco.com\/de\/wp-json\/wp\/v2\/pages\/2756","targetHints":{"allow":["GET"]}}],"collection":[{"href":"https:\/\/db-eco.com\/de\/wp-json\/wp\/v2\/pages"}],"about":[{"href":"https:\/\/db-eco.com\/de\/wp-json\/wp\/v2\/types\/page"}],"author":[{"embeddable":true,"href":"https:\/\/db-eco.com\/de\/wp-json\/wp\/v2\/users\/5"}],"replies":[{"embeddable":true,"href":"https:\/\/db-eco.com\/de\/wp-json\/wp\/v2\/comments?post=2756"}],"version-history":[{"count":45,"href":"https:\/\/db-eco.com\/de\/wp-json\/wp\/v2\/pages\/2756\/revisions"}],"predecessor-version":[{"id":8084,"href":"https:\/\/db-eco.com\/de\/wp-json\/wp\/v2\/pages\/2756\/revisions\/8084"}],"wp:featuredmedia":[{"embeddable":true,"href":"https:\/\/db-eco.com\/de\/wp-json\/wp\/v2\/media\/2767"}],"wp:attachment":[{"href":"https:\/\/db-eco.com\/de\/wp-json\/wp\/v2\/media?parent=2756"}],"curies":[{"name":"wp","href":"https:\/\/api.w.org\/{rel}","templated":true}]}}