{"id":1231,"date":"2021-02-23T14:54:25","date_gmt":"2021-02-23T13:54:25","guid":{"rendered":"https:\/\/db-eco.com\/?page_id=1231"},"modified":"2025-11-03T18:29:20","modified_gmt":"2025-11-03T17:29:20","slug":"aktuelles","status":"publish","type":"page","link":"https:\/\/db-eco.com\/de\/aktuelles\/","title":{"rendered":"Aktuelles"},"content":{"rendered":"\n<div class=\"wp-block-dbec-core-layout-grid  layout-grid layout-grid--outer-margin-none layout-grid--expanded\"><div class=\"grid grid--child-margin-large\">\n<div class=\"wp-block-dbec-core-layout-column  column is-6-small is-6-medium full-width column--expanded\"><div class=\"layout-column\">\n<div class=\"wp-block-dbec-core-header-gallery  undefined--expanded\" data-delay=\"4\" data-auto-swipe=\"false\"><div class=\"gallery gallery--bullets-outside gallery--static\"><div class=\"glide\"><div class=\"glide__track\" data-glide-el=\"track\"><ul class=\"glide__slides\">\n<li class=\"wp-block-dbec-core-slide-header  glide__slide\" data-autoplay=\"false\"><div class=\"slide-header slide-header--banner-height\"><div><img loading=\"lazy\" decoding=\"async\" class=\"slide-header__image\" src=\"https:\/\/db-eco.com\/wp-content\/uploads\/2021\/02\/DB_Header_Aktuelles.jpg\" srcset=\"https:\/\/db-eco.com\/wp-content\/uploads\/2021\/02\/DB_Header_Aktuelles-300x113.jpg 300w, https:\/\/db-eco.com\/wp-content\/uploads\/2021\/02\/DB_Header_Aktuelles-1024x384.jpg 1024w, https:\/\/db-eco.com\/wp-content\/uploads\/2021\/02\/DB_Header_Aktuelles-150x150.jpg 150w, https:\/\/db-eco.com\/wp-content\/uploads\/2021\/02\/DB_Header_Aktuelles-768x288.jpg 768w, https:\/\/db-eco.com\/wp-content\/uploads\/2021\/02\/DB_Header_Aktuelles-1536x576.jpg 1536w, https:\/\/db-eco.com\/wp-content\/uploads\/2021\/02\/DB_Header_Aktuelles-520x195.jpg 520w, https:\/\/db-eco.com\/wp-content\/uploads\/2021\/02\/DB_Header_Aktuelles-768x288.jpg 768w, https:\/\/db-eco.com\/wp-content\/uploads\/2021\/02\/DB_Header_Aktuelles-1280x480.jpg 1280w, https:\/\/db-eco.com\/wp-content\/uploads\/2021\/02\/DB_Header_Aktuelles-1920x700.jpg 1920w\" alt=\"DB Uhr am einem Bahnhof w\u00e4hrend ein Zug vorbeif\u00e4hrt\" width=\"1920\" height=\"720\"\/><div class=\"slide-header__cover\"><\/div><\/div><div class=\"label-reference-container\"><\/div><div class=\"slide-header__inner\"><div class=\"slide-header__center\"><div class=\"slide-header__container-headlines\"><h1 class=\"slide-header__headline\">Aktuelles<div class=\"slide-header__pulse-wrapper\"><div class=\"slide-header__pulse-line\"><\/div><\/div><\/h1><div class=\"slide-header__sub-headline\">Gute Neuigkeiten gibt es bei uns immer: <br>\u00dcberzeugen Sie sich!<\/div><\/div><\/div><\/div><\/div><\/li>\n<\/ul><\/div><div class=\"glide__footer\"><div class=\"glide__play-pause\"><button type=\"button\" class=\"glide__play-pause-button\" aria-label=\"play\/pause automatic swipe\"><svg aria-hidden=\"true\" class=\"controls__icon-pause\"><use xlink:href=\"#icon-pause\" \/><\/svg><svg aria-hidden=\"true\" class=\"controls__icon-play\"><use xlink:href=\"#icon-play-small\" \/><\/svg><\/button><\/div><div class=\"glide__bullets\" data-glide-el=\"controls[nav]\"><button class=\"glide__bullet\" aria-label=\"Go to slide 1\" data-glide-dir=\"=0\"><\/button><\/div><div><\/div><\/div><\/div><\/div><\/div>\n<\/div><\/div>\n<\/div><\/div>\n\n\n\n<div class=\"wp-block-dbec-core-layout-grid  layout-grid layout-grid--outer-margin-small layout-grid--expanded\"><div class=\"grid grid--child-margin-large\">\n<div class=\"wp-block-dbec-core-layout-column  column is-6-small is-6-medium column--expanded\"><div class=\"layout-column\"><nav class=\"breadcrumbs\"><div class=\"breadcrumbs__inner\"><a class=\"breadcrumbs__home\" href=\"https:\/\/db-eco.com\/de\/\" aria-label=\"Link Home\"><svg class=\"breadcrumbs__home-icon\"><use xlink:href=\"#home\"><\/use><\/svg><\/a> <svg class=\"breadcrumbs__delimiter\"><use xlink:href=\"#icon-arrow-right\"><\/use><\/svg> <span class=\"breadcrumbs__actual-page\">Aktuelles<\/span><\/div><\/nav><\/div><\/div>\n<\/div><\/div>\n\n\n\n<div class=\"wp-block-dbec-core-layout-grid  layout-grid layout-grid--outer-margin-small layout-grid--expanded\"><div class=\"grid grid--child-margin-large\">\n<div class=\"wp-block-dbec-core-layout-column  column is-6-small is-6-medium column--expanded\"><div class=\"layout-column\">\n<div class=\"wp-block-dbec-core-list-posts\"><list-posts id=\"list-posts\" class=\"list-posts\" option-sort-newest=\"Neueste zuerst\" option-sort-oldest=\"\u00c4lteste zuerst\" option-sort-popular=\"\" default-option-category=\"Alle Kategorien\" default-option-region=\"\" default-option-project=\"\" default-option-issue=\"\" default-option-year=\"\" post-type=\"ALL_POSTS\" filter-year-enabled=\"\" additional-domain=\"https:\/\/db-engineering-consulting.com\" include-events=\"true\" event-category=\"515\"><div><div class=\"list-posts__control\"><div class=\"list-posts__wrapper-select\"><label for=\"vslist-posts__select-category__combobox\" class=\"list-posts__select-label\">Filtern nach<\/label><v-select uid=\"list-posts__select-category\" v-bind:clearable=\"false\" v-bind:value=\"selectedFilters.categories\" v-on:input=\"onChangeCategory\" v-bind:options=\"options.categories\" v-bind:searchable=\"false\"><\/v-select><\/div><div class=\"list-posts__wrapper-select\"><label for=\"vslist-posts__select-order__combobox\" class=\"list-posts__select-label\">Sortieren nach<\/label><v-select uid=\"list-posts__select-order\" v-bind:clearable=\"false\" v-bind:value=\"selectedFilters.order\" v-on:input=\"onChangeOrder\" v-bind:options=\"options.order\" v-bind:searchable=\"false\"><\/v-select><\/div><\/div><div class=\"list-posts__results\" v-bind:style=\"styleResults\" v-bind:ref=\"'containerResults'\"><div class=\"list-posts__post\" v-for=\"(post, index) in posts\"><component v-bind:is=\"post.component\" v-bind:key=\"'post_item_' + persistentIndex + '_' + index\" v-bind:post=\"post\" v-bind:index=\"index\" show-background-image=\"yes\"><\/component><\/div><div v-show=\"showInnerBlocks\" class=\"list-posts__inner-blocks\"><\/div><\/div><div class=\"list-posts__footer\"><button type=\"button\" class=\"base-button base-button--ghost\" v-show=\"showButtonLoadMore\" v-on:click=\"onLoadMoreClicked\">Mehr laden<\/button><\/div><\/div><\/list-posts><\/div>\n<\/div><\/div>\n<\/div><\/div>\n","protected":false},"excerpt":{"rendered":"","protected":false},"author":1,"featured_media":0,"parent":0,"menu_order":0,"comment_status":"closed","ping_status":"closed","template":"","meta":{"post_allow-other-domains":"","footnotes":""},"class_list":["post-1231","page","type-page","status-publish","hentry"],"yoast_head":"<!-- This site is optimized with the Yoast SEO Premium plugin v26.1 (Yoast SEO v27.4) - https:\/\/yoast.com\/product\/yoast-seo-premium-wordpress\/ -->\n<title>Aktuelles | DB E.C.O Group<\/title>\n<meta name=\"description\" content=\"Gute Neuigkeiten gibt es bei uns immer. \u00dcberzeugen Sie sich! Hier stellen wir Ihnen Neuigkeiten \u00fcber aktuelle Projekte vor.\" \/>\n<meta name=\"robots\" content=\"index, follow, max-snippet:-1, max-image-preview:large, max-video-preview:-1\" \/>\n<link rel=\"canonical\" href=\"https:\/\/db-eco.com\/de\/aktuelles\/\" \/>\n<meta property=\"og:locale\" content=\"de_DE\" \/>\n<meta property=\"og:type\" content=\"article\" \/>\n<meta property=\"og:title\" content=\"Aktuelles\" \/>\n<meta property=\"og:description\" content=\"Gute Neuigkeiten gibt es bei uns immer. \u00dcberzeugen Sie sich! Hier stellen wir Ihnen Neuigkeiten \u00fcber aktuelle Projekte vor.\" \/>\n<meta property=\"og:url\" content=\"https:\/\/db-eco.com\/de\/aktuelles\/\" \/>\n<meta property=\"og:site_name\" content=\"DB ECO\" \/>\n<meta property=\"article:modified_time\" content=\"2025-11-03T17:29:20+00:00\" \/>\n<meta property=\"og:image\" content=\"https:\/\/db-eco.com\/wp-content\/uploads\/2021\/02\/DB_Header_Aktuelles.jpg\" \/>\n<meta name=\"twitter:card\" content=\"summary_large_image\" \/>\n<meta name=\"twitter:label1\" content=\"Gesch\u00e4tzte Lesezeit\" \/>\n\t<meta name=\"twitter:data1\" content=\"1\u00a0Minute\" \/>\n<script type=\"application\/ld+json\" class=\"yoast-schema-graph\">{\"@context\":\"https:\\\/\\\/schema.org\",\"@graph\":[{\"@type\":\"WebPage\",\"@id\":\"https:\\\/\\\/db-eco.com\\\/de\\\/aktuelles\\\/\",\"url\":\"https:\\\/\\\/db-eco.com\\\/de\\\/aktuelles\\\/\",\"name\":\"Aktuelles | DB E.C.O Group\",\"isPartOf\":{\"@id\":\"https:\\\/\\\/db-eco.com\\\/de\\\/#website\"},\"primaryImageOfPage\":{\"@id\":\"https:\\\/\\\/db-eco.com\\\/de\\\/aktuelles\\\/#primaryimage\"},\"image\":{\"@id\":\"https:\\\/\\\/db-eco.com\\\/de\\\/aktuelles\\\/#primaryimage\"},\"thumbnailUrl\":\"https:\\\/\\\/db-eco.com\\\/wp-content\\\/uploads\\\/2021\\\/02\\\/DB_Header_Aktuelles.jpg\",\"datePublished\":\"2021-02-23T13:54:25+00:00\",\"dateModified\":\"2025-11-03T17:29:20+00:00\",\"description\":\"Gute Neuigkeiten gibt es bei uns immer. \u00dcberzeugen Sie sich! Hier stellen wir Ihnen Neuigkeiten \u00fcber aktuelle Projekte vor.\",\"breadcrumb\":{\"@id\":\"https:\\\/\\\/db-eco.com\\\/de\\\/aktuelles\\\/#breadcrumb\"},\"inLanguage\":\"de\",\"potentialAction\":[{\"@type\":\"ReadAction\",\"target\":[\"https:\\\/\\\/db-eco.com\\\/de\\\/aktuelles\\\/\"]}]},{\"@type\":\"ImageObject\",\"inLanguage\":\"de\",\"@id\":\"https:\\\/\\\/db-eco.com\\\/de\\\/aktuelles\\\/#primaryimage\",\"url\":\"https:\\\/\\\/db-eco.com\\\/wp-content\\\/uploads\\\/2021\\\/02\\\/DB_Header_Aktuelles.jpg\",\"contentUrl\":\"https:\\\/\\\/db-eco.com\\\/wp-content\\\/uploads\\\/2021\\\/02\\\/DB_Header_Aktuelles.jpg\"},{\"@type\":\"BreadcrumbList\",\"@id\":\"https:\\\/\\\/db-eco.com\\\/de\\\/aktuelles\\\/#breadcrumb\",\"itemListElement\":[{\"@type\":\"ListItem\",\"position\":1,\"name\":\"Home\",\"item\":\"https:\\\/\\\/db-eco.com\\\/de\\\/\"},{\"@type\":\"ListItem\",\"position\":2,\"name\":\"Aktuelles\"}]},{\"@type\":\"WebSite\",\"@id\":\"https:\\\/\\\/db-eco.com\\\/de\\\/#website\",\"url\":\"https:\\\/\\\/db-eco.com\\\/de\\\/\",\"name\":\"DB ECO\",\"description\":\"Part of DB E.C.O. Group\",\"publisher\":{\"@id\":\"https:\\\/\\\/db-eco.com\\\/de\\\/#organization\"},\"potentialAction\":[{\"@type\":\"SearchAction\",\"target\":{\"@type\":\"EntryPoint\",\"urlTemplate\":\"https:\\\/\\\/db-eco.com\\\/de\\\/?s={search_term_string}\"},\"query-input\":{\"@type\":\"PropertyValueSpecification\",\"valueRequired\":true,\"valueName\":\"search_term_string\"}}],\"inLanguage\":\"de\"},{\"@type\":\"Organization\",\"@id\":\"https:\\\/\\\/db-eco.com\\\/de\\\/#organization\",\"name\":\"DB E.C.O. Group\",\"url\":\"https:\\\/\\\/db-eco.com\\\/de\\\/\",\"logo\":{\"@type\":\"ImageObject\",\"inLanguage\":\"de\",\"@id\":\"https:\\\/\\\/db-eco.com\\\/de\\\/#\\\/schema\\\/logo\\\/image\\\/\",\"url\":\"https:\\\/\\\/db-eco.com\\\/wp-content\\\/uploads\\\/2022\\\/10\\\/Logo_DB-ECO-Group_310x69.jpg\",\"contentUrl\":\"https:\\\/\\\/db-eco.com\\\/wp-content\\\/uploads\\\/2022\\\/10\\\/Logo_DB-ECO-Group_310x69.jpg\",\"width\":310,\"height\":69,\"caption\":\"DB E.C.O. Group\"},\"image\":{\"@id\":\"https:\\\/\\\/db-eco.com\\\/de\\\/#\\\/schema\\\/logo\\\/image\\\/\"},\"sameAs\":[\"https:\\\/\\\/www.linkedin.com\\\/company\\\/db-e-c-o-group\\\/\"],\"description\":\"Die DB E.C.O. Group setzt sich aus DB Engineering & Consulting, Deutsche Bahn International Operations, infraView, ESE Engineering und Software-Entwicklung, inno2grid sowie weiteren lokalen Gesellschaften, Tochterunternehmen und internationalen Beteiligungen zusammen. Das geb\u00fcndelte Fachwissen der Deutschen Bahn in den Bereichen Engineering, Consulting und Betrieb bildet die Grundlage f\u00fcr die umfassende Infrastrukturkompetenz der Gruppe. Diese Expertise ist integraler Bestandteil aller Leistungen und erm\u00f6glicht die Entwicklung innovativer und nachhaltiger L\u00f6sungen f\u00fcr die Mobilit\u00e4t der Zukunft. Seit Ende 2019 verbindet die B E.C.O. Group ihre fundierte Systemkenntnis des integrierten Schienenverkehrs mit digitalen Technologien entlang der gesamten Wertsch\u00f6pfungskette. Als Full-Service-Dienstleister mit \u00fcber 8.200 Mitarbeitenden aus 90 Nationen bietet das Unternehmen ein zukunftsorientiertes Leistungsportfolio und leistet zugleich einen aktiven Beitrag zum Umwelt- und Klimaschutz. In enger Zusammenarbeit mit Gesch\u00e4ftspartnern werden zuverl\u00e4ssige und wirtschaftliche L\u00f6sungen f\u00fcr komplexe Projekte umgesetzt.\",\"email\":\"eco-group@deutschebahn.com\",\"legalName\":\"DB Engineering & Consulting GmbH, DB E.C.O Group\",\"vatID\":\"DE 114 139 523\",\"numberOfEmployees\":{\"@type\":\"QuantitativeValue\",\"minValue\":\"5001\",\"maxValue\":\"10000\"}}]}<\/script>\n<!-- \/ Yoast SEO Premium plugin. -->","yoast_head_json":{"title":"Aktuelles | DB E.C.O Group","description":"Gute Neuigkeiten gibt es bei uns immer. \u00dcberzeugen Sie sich! Hier stellen wir Ihnen Neuigkeiten \u00fcber aktuelle Projekte vor.","robots":{"index":"index","follow":"follow","max-snippet":"max-snippet:-1","max-image-preview":"max-image-preview:large","max-video-preview":"max-video-preview:-1"},"canonical":"https:\/\/db-eco.com\/de\/aktuelles\/","og_locale":"de_DE","og_type":"article","og_title":"Aktuelles","og_description":"Gute Neuigkeiten gibt es bei uns immer. \u00dcberzeugen Sie sich! Hier stellen wir Ihnen Neuigkeiten \u00fcber aktuelle Projekte vor.","og_url":"https:\/\/db-eco.com\/de\/aktuelles\/","og_site_name":"DB ECO","article_modified_time":"2025-11-03T17:29:20+00:00","og_image":[{"url":"https:\/\/db-eco.com\/wp-content\/uploads\/2021\/02\/DB_Header_Aktuelles.jpg","type":"","width":"","height":""}],"twitter_card":"summary_large_image","twitter_misc":{"Gesch\u00e4tzte Lesezeit":"1\u00a0Minute"},"schema":{"@context":"https:\/\/schema.org","@graph":[{"@type":"WebPage","@id":"https:\/\/db-eco.com\/de\/aktuelles\/","url":"https:\/\/db-eco.com\/de\/aktuelles\/","name":"Aktuelles | DB E.C.O Group","isPartOf":{"@id":"https:\/\/db-eco.com\/de\/#website"},"primaryImageOfPage":{"@id":"https:\/\/db-eco.com\/de\/aktuelles\/#primaryimage"},"image":{"@id":"https:\/\/db-eco.com\/de\/aktuelles\/#primaryimage"},"thumbnailUrl":"https:\/\/db-eco.com\/wp-content\/uploads\/2021\/02\/DB_Header_Aktuelles.jpg","datePublished":"2021-02-23T13:54:25+00:00","dateModified":"2025-11-03T17:29:20+00:00","description":"Gute Neuigkeiten gibt es bei uns immer. \u00dcberzeugen Sie sich! Hier stellen wir Ihnen Neuigkeiten \u00fcber aktuelle Projekte vor.","breadcrumb":{"@id":"https:\/\/db-eco.com\/de\/aktuelles\/#breadcrumb"},"inLanguage":"de","potentialAction":[{"@type":"ReadAction","target":["https:\/\/db-eco.com\/de\/aktuelles\/"]}]},{"@type":"ImageObject","inLanguage":"de","@id":"https:\/\/db-eco.com\/de\/aktuelles\/#primaryimage","url":"https:\/\/db-eco.com\/wp-content\/uploads\/2021\/02\/DB_Header_Aktuelles.jpg","contentUrl":"https:\/\/db-eco.com\/wp-content\/uploads\/2021\/02\/DB_Header_Aktuelles.jpg"},{"@type":"BreadcrumbList","@id":"https:\/\/db-eco.com\/de\/aktuelles\/#breadcrumb","itemListElement":[{"@type":"ListItem","position":1,"name":"Home","item":"https:\/\/db-eco.com\/de\/"},{"@type":"ListItem","position":2,"name":"Aktuelles"}]},{"@type":"WebSite","@id":"https:\/\/db-eco.com\/de\/#website","url":"https:\/\/db-eco.com\/de\/","name":"DB ECO","description":"Part of DB E.C.O. Group","publisher":{"@id":"https:\/\/db-eco.com\/de\/#organization"},"potentialAction":[{"@type":"SearchAction","target":{"@type":"EntryPoint","urlTemplate":"https:\/\/db-eco.com\/de\/?s={search_term_string}"},"query-input":{"@type":"PropertyValueSpecification","valueRequired":true,"valueName":"search_term_string"}}],"inLanguage":"de"},{"@type":"Organization","@id":"https:\/\/db-eco.com\/de\/#organization","name":"DB E.C.O. Group","url":"https:\/\/db-eco.com\/de\/","logo":{"@type":"ImageObject","inLanguage":"de","@id":"https:\/\/db-eco.com\/de\/#\/schema\/logo\/image\/","url":"https:\/\/db-eco.com\/wp-content\/uploads\/2022\/10\/Logo_DB-ECO-Group_310x69.jpg","contentUrl":"https:\/\/db-eco.com\/wp-content\/uploads\/2022\/10\/Logo_DB-ECO-Group_310x69.jpg","width":310,"height":69,"caption":"DB E.C.O. Group"},"image":{"@id":"https:\/\/db-eco.com\/de\/#\/schema\/logo\/image\/"},"sameAs":["https:\/\/www.linkedin.com\/company\/db-e-c-o-group\/"],"description":"Die DB E.C.O. Group setzt sich aus DB Engineering & Consulting, Deutsche Bahn International Operations, infraView, ESE Engineering und Software-Entwicklung, inno2grid sowie weiteren lokalen Gesellschaften, Tochterunternehmen und internationalen Beteiligungen zusammen. Das geb\u00fcndelte Fachwissen der Deutschen Bahn in den Bereichen Engineering, Consulting und Betrieb bildet die Grundlage f\u00fcr die umfassende Infrastrukturkompetenz der Gruppe. Diese Expertise ist integraler Bestandteil aller Leistungen und erm\u00f6glicht die Entwicklung innovativer und nachhaltiger L\u00f6sungen f\u00fcr die Mobilit\u00e4t der Zukunft. Seit Ende 2019 verbindet die B E.C.O. Group ihre fundierte Systemkenntnis des integrierten Schienenverkehrs mit digitalen Technologien entlang der gesamten Wertsch\u00f6pfungskette. Als Full-Service-Dienstleister mit \u00fcber 8.200 Mitarbeitenden aus 90 Nationen bietet das Unternehmen ein zukunftsorientiertes Leistungsportfolio und leistet zugleich einen aktiven Beitrag zum Umwelt- und Klimaschutz. In enger Zusammenarbeit mit Gesch\u00e4ftspartnern werden zuverl\u00e4ssige und wirtschaftliche L\u00f6sungen f\u00fcr komplexe Projekte umgesetzt.","email":"eco-group@deutschebahn.com","legalName":"DB Engineering & Consulting GmbH, DB E.C.O Group","vatID":"DE 114 139 523","numberOfEmployees":{"@type":"QuantitativeValue","minValue":"5001","maxValue":"10000"}}]}},"dbec_featured_media":null,"_links":{"self":[{"href":"https:\/\/db-eco.com\/de\/wp-json\/wp\/v2\/pages\/1231","targetHints":{"allow":["GET"]}}],"collection":[{"href":"https:\/\/db-eco.com\/de\/wp-json\/wp\/v2\/pages"}],"about":[{"href":"https:\/\/db-eco.com\/de\/wp-json\/wp\/v2\/types\/page"}],"author":[{"embeddable":true,"href":"https:\/\/db-eco.com\/de\/wp-json\/wp\/v2\/users\/1"}],"replies":[{"embeddable":true,"href":"https:\/\/db-eco.com\/de\/wp-json\/wp\/v2\/comments?post=1231"}],"version-history":[{"count":38,"href":"https:\/\/db-eco.com\/de\/wp-json\/wp\/v2\/pages\/1231\/revisions"}],"predecessor-version":[{"id":7899,"href":"https:\/\/db-eco.com\/de\/wp-json\/wp\/v2\/pages\/1231\/revisions\/7899"}],"wp:attachment":[{"href":"https:\/\/db-eco.com\/de\/wp-json\/wp\/v2\/media?parent=1231"}],"curies":[{"name":"wp","href":"https:\/\/api.w.org\/{rel}","templated":true}]}}