{"id":1200,"date":"2021-02-02T14:33:59","date_gmt":"2021-02-02T13:33:59","guid":{"rendered":"https:\/\/db-eco.com\/?page_id=1200"},"modified":"2025-05-07T01:07:32","modified_gmt":"2025-05-06T23:07:32","slug":"kontakt","status":"publish","type":"page","link":"https:\/\/db-eco.com\/de\/kontakt\/","title":{"rendered":"Kontakt"},"content":{"rendered":"\n<div class=\"wp-block-dbec-core-layout-grid  layout-grid layout-grid--outer-margin-none layout-grid--expanded\"><div class=\"grid grid--child-margin-small\">\n<div class=\"wp-block-dbec-core-layout-column  column is-6-small is-6-medium full-width column--expanded\"><div class=\"layout-column\">\n<div class=\"wp-block-dbec-core-header-gallery  undefined--expanded\" data-delay=\"4\" data-auto-swipe=\"false\"><div class=\"gallery gallery--bullets-outside gallery--static\"><div class=\"glide\"><div class=\"glide__track\" data-glide-el=\"track\"><ul class=\"glide__slides\">\n<li class=\"wp-block-dbec-core-slide-header  glide__slide\" data-autoplay=\"false\"><div class=\"slide-header slide-header--banner-height\"><div><img loading=\"lazy\" decoding=\"async\" class=\"slide-header__image\" src=\"https:\/\/db-eco.com\/wp-content\/uploads\/2020\/08\/DB98582-scaled.jpg\" srcset=\"https:\/\/db-eco.com\/wp-content\/uploads\/2020\/08\/DB98582-300x200.jpg 300w, https:\/\/db-eco.com\/wp-content\/uploads\/2020\/08\/DB98582-1024x683.jpg 1024w, https:\/\/db-eco.com\/wp-content\/uploads\/2020\/08\/DB98582-150x150.jpg 150w, https:\/\/db-eco.com\/wp-content\/uploads\/2020\/08\/DB98582-768x513.jpg 768w, https:\/\/db-eco.com\/wp-content\/uploads\/2020\/08\/DB98582-1536x1025.jpg 1536w, https:\/\/db-eco.com\/wp-content\/uploads\/2020\/08\/DB98582-2048x1367.jpg 2048w, https:\/\/db-eco.com\/wp-content\/uploads\/2020\/08\/DB98582-520x347.jpg 520w, https:\/\/db-eco.com\/wp-content\/uploads\/2020\/08\/DB98582-768x513.jpg 768w, https:\/\/db-eco.com\/wp-content\/uploads\/2020\/08\/DB98582-1280x854.jpg 1280w, https:\/\/db-eco.com\/wp-content\/uploads\/2020\/08\/DB98582-1920x700.jpg 1920w\" alt=\"Frankfurt (Main) Hbf - goldener Blick aus dem Silberturm\" width=\"2560\" height=\"1709\"\/><div class=\"slide-header__cover\"><\/div><\/div><div class=\"label-reference-container\"><div class=\"label-reference label-reference--static\" data-image-reference=\"<p&gt;Deutsche Bahn AG \/ Volker Emersleben<\/p&gt;\n\"><\/div><\/div><div class=\"slide-header__inner\"><div class=\"slide-header__center\"><div class=\"slide-header__container-headlines\"><h1 class=\"slide-header__headline\">Kontakt<div class=\"slide-header__pulse-wrapper\"><div class=\"slide-header__pulse-line\"><\/div><\/div><\/h1><div class=\"slide-header__sub-headline\">Wir freuen uns auf Ihre Anfrage<\/div><\/div><\/div><\/div><\/div><\/li>\n<\/ul><\/div><div class=\"glide__footer\"><div class=\"glide__play-pause\"><button type=\"button\" class=\"glide__play-pause-button\" aria-label=\"play\/pause automatic swipe\"><svg aria-hidden=\"true\" class=\"controls__icon-pause\"><use xlink:href=\"#icon-pause\" \/><\/svg><svg aria-hidden=\"true\" class=\"controls__icon-play\"><use xlink:href=\"#icon-play-small\" \/><\/svg><\/button><\/div><div class=\"glide__bullets\" data-glide-el=\"controls[nav]\"><button class=\"glide__bullet\" aria-label=\"Go to slide 1\" data-glide-dir=\"=0\"><\/button><\/div><div><\/div><\/div><\/div><\/div><\/div>\n<\/div><\/div>\n<\/div><\/div>\n\n\n\n<div class=\"wp-block-dbec-core-layout-grid  layout-grid layout-grid--outer-margin-small layout-grid--expanded\"><div class=\"grid grid--child-margin-small\">\n<div class=\"wp-block-dbec-core-layout-column  column is-6-small is-6-medium column--expanded\"><div class=\"layout-column\"><nav class=\"breadcrumbs\"><div class=\"breadcrumbs__inner\"><a class=\"breadcrumbs__home\" href=\"https:\/\/db-eco.com\/de\/\" aria-label=\"Link Home\"><svg class=\"breadcrumbs__home-icon\"><use xlink:href=\"#home\"><\/use><\/svg><\/a> <svg class=\"breadcrumbs__delimiter\"><use xlink:href=\"#icon-arrow-right\"><\/use><\/svg> <span class=\"breadcrumbs__actual-page\">Kontakt<\/span><\/div><\/nav><\/div><\/div>\n<\/div><\/div>\n\n\n\n<div class=\"wp-block-dbec-core-layout-grid  layout-grid layout-grid--outer-margin-small layout-grid--expanded\"><div class=\"grid grid--child-margin-small\">\n<div class=\"wp-block-dbec-core-layout-column  column is-6-small is-3-medium column--expanded\"><div class=\"layout-column\"><div class=\"contact-form\">\n<div class=\"wpcf7 no-js\" id=\"wpcf7-f5995-o1\" lang=\"de-DE\" dir=\"ltr\" data-wpcf7-id=\"5995\">\n<div class=\"screen-reader-response\"><p role=\"status\" aria-live=\"polite\" aria-atomic=\"true\"><\/p> <ul><\/ul><\/div>\n<form action=\"\/de\/wp-json\/wp\/v2\/pages\/1200#wpcf7-f5995-o1\" method=\"post\" class=\"wpcf7-form init\" aria-label=\"Kontaktformular\" novalidate=\"novalidate\" data-status=\"init\">\n<fieldset class=\"hidden-fields-container\"><input type=\"hidden\" name=\"_wpcf7\" value=\"5995\" \/><input type=\"hidden\" name=\"_wpcf7_version\" value=\"6.1.5\" \/><input type=\"hidden\" name=\"_wpcf7_locale\" value=\"de_DE\" \/><input type=\"hidden\" name=\"_wpcf7_unit_tag\" value=\"wpcf7-f5995-o1\" \/><input type=\"hidden\" name=\"_wpcf7_container_post\" value=\"0\" \/><input type=\"hidden\" name=\"_wpcf7_posted_data_hash\" value=\"\" \/>\n<\/fieldset>\n<p><br \/>\n<span class=\"wpcf7-form-control-wrap\" data-name=\"gender\"><span class=\"wpcf7-form-control wpcf7-radio\" id=\"gender\"><span class=\"wpcf7-list-item first\"><label><input type=\"radio\" name=\"gender\" value=\"Frau\" checked=\"checked\" \/><span class=\"wpcf7-list-item-label\">Frau<\/span><\/label><\/span><span class=\"wpcf7-list-item\"><label><input type=\"radio\" name=\"gender\" value=\"Herr\" \/><span class=\"wpcf7-list-item-label\">Herr<\/span><\/label><\/span><span class=\"wpcf7-list-item\"><label><input type=\"radio\" name=\"gender\" value=\"Divers\" \/><span class=\"wpcf7-list-item-label\">Divers<\/span><\/label><\/span><span class=\"wpcf7-list-item last\"><label><input type=\"radio\" name=\"gender\" value=\"Keine Angabe\" \/><span class=\"wpcf7-list-item-label\">Keine Angabe<\/span><\/label><\/span><\/span><\/span>\n<\/p>\n<p><label for=\"your-name\">Vorname *<\/label>\n<\/p>\n<p><span class=\"wpcf7-form-control-wrap\" data-name=\"your-name\"><input size=\"40\" maxlength=\"400\" class=\"wpcf7-form-control wpcf7-text wpcf7-validates-as-required\" id=\"your-name\" autocomplete=\"name\" aria-required=\"true\" aria-invalid=\"false\" value=\"\" type=\"text\" name=\"your-name\" \/><\/span>\n<\/p>\n<p><label for=\"your-surname\">Nachname *<\/label>\n<\/p>\n<p><span class=\"wpcf7-form-control-wrap\" data-name=\"your-surname\"><input size=\"40\" maxlength=\"400\" class=\"wpcf7-form-control wpcf7-text wpcf7-validates-as-required\" id=\"your-surname\" autocomplete=\"family-name\" aria-required=\"true\" aria-invalid=\"false\" value=\"\" type=\"text\" name=\"your-surname\" \/><\/span>\n<\/p>\n<p><label for=\"your-company\">Firma<\/label>\n<\/p>\n<p><span class=\"wpcf7-form-control-wrap\" data-name=\"your-company\"><input size=\"40\" maxlength=\"400\" class=\"wpcf7-form-control wpcf7-text\" id=\"your-company\" aria-invalid=\"false\" value=\"\" type=\"text\" name=\"your-company\" \/><\/span>\n<\/p>\n<p><label for=\"your-email\">E-Mail<\/label>\n<\/p>\n<p><span class=\"wpcf7-form-control-wrap\" data-name=\"your-email\"><input size=\"40\" maxlength=\"400\" class=\"wpcf7-form-control wpcf7-email wpcf7-validates-as-required wpcf7-text wpcf7-validates-as-email\" id=\"your-email\" aria-required=\"true\" aria-invalid=\"false\" value=\"\" type=\"email\" name=\"your-email\" \/><\/span>\n<\/p>\n<p><label for=\"your-message\">Wie k\u00f6nnen wir Ihnen helfen?<\/label>\n<\/p>\n<p><span class=\"wpcf7-form-control-wrap\" data-name=\"your-message\"><textarea cols=\"40\" rows=\"10\" maxlength=\"2000\" class=\"wpcf7-form-control wpcf7-textarea\" id=\"your-message\" aria-invalid=\"false\" name=\"your-message\"><\/textarea><\/span>\n<\/p>\n<p><span id=\"wpcf7-69dc1a7e13d0c-wrapper\" class=\"wpcf7-form-control-wrap your-phone-wrap\" style=\"display:none !important; visibility:hidden !important;\"><label for=\"phone\" class=\"hp-message\">Bitte lasse dieses Feld leer.<\/label><input id=\"phone\"  placeholder=\"phone\"  class=\"wpcf7-form-control wpcf7-text\" type=\"text\" name=\"your-phone\" value=\"\" size=\"40\" tabindex=\"-1\" autocomplete=\"new-password\" \/><\/span><span id=\"wpcf7-69dc1a7e13d55-wrapper\" class=\"wpcf7-form-control-wrap honeypot-211-wrap\" style=\"display:none !important; visibility:hidden !important;\"><input type=\"hidden\" name=\"honeypot-211-time-start\" value=\"1776032382\"><input type=\"hidden\" name=\"honeypot-211-time-check\" value=\"4\"><label for=\"wpcf7-69dc1a7e13d55-field\" class=\"hp-message\">Bitte lasse dieses Feld leer.<\/label><input id=\"wpcf7-69dc1a7e13d55-field\"  class=\"wpcf7-form-control wpcf7-text\" type=\"text\" name=\"honeypot-211\" value=\"\" size=\"40\" tabindex=\"-1\" autocomplete=\"new-password\" \/><\/span>\n<\/p>\n<p>* Mit Stern markierte Felder sind Pflichtfelder\n<\/p>\n<p>Unsere <a href=\"https:\/\/db-eco.com\/de\/datenschutz-db-eco-group\/\" target=\"_blank\" style=\"color:#ec0016; text-decoration:none\" >Datenschutzhinweise finden Sie hier<\/a>.\n<\/p>\n<p><input class=\"wpcf7-form-control wpcf7-submit has-spinner\" type=\"submit\" value=\"Formular abschicken\" \/>\n<\/p><div class=\"wpcf7-response-output\" aria-hidden=\"true\"><\/div>\n<\/form>\n<\/div>\n<\/div><\/div><\/div>\n\n\n\n<div class=\"wp-block-dbec-core-layout-column  column is-6-small is-2-medium is-offset-left-1-medium column--expanded\"><div class=\"layout-column\"><div class=\"wp-block-dbec-core-social-sharing\"><div class=\"social-sharing\" data-subject=\"\" data-recipient=\"\" data-body=\"\"><span class=\"social-sharing__label\">Social Sharing<\/span><div class=\"social-sharing__links\"><a class=\"social-sharing__link social-sharing__link--linkedin\" href=\"\/\" target=\"_blank\" rel=\"noopener noreferrer\" aria-label=\"Link LinkedIn\"><svg class=\"social-sharing__icon\"><use xlink:href=\"#icon-linked-in\"\/><\/svg><\/a><a class=\"social-sharing__link social-sharing__link--mail\" href=\"\/\" target=\"_blank\" rel=\"noopener noreferrer\" aria-label=\"Link Mail\"><svg class=\"social-sharing__icon\"><use xlink:href=\"#icon-mail\"\/><\/svg><\/a><\/div><\/div><\/div>\n\n<div class=\"contact-person\"><h3 class=\"contact-person__name\">DB E.C.O. Group<\/h3><div class=\"contact-person__address\">EUREF-Campus 14<br \/>\r\n10829 Berlin<br \/>\r\nDeutschland<\/div><a class=\"contact-person__link-communication\" href=\"mailto:kontakt@db-eco.com\"><svg class=\"contact-person__icon-mail\"><use xlink:href=\"#icon-mail\"><\/use><\/svg><span>E-Mail<\/span><\/a><\/div><\/div><\/div>\n<\/div><\/div>\n","protected":false},"excerpt":{"rendered":"","protected":false},"author":5,"featured_media":285,"parent":0,"menu_order":0,"comment_status":"closed","ping_status":"closed","template":"","meta":{"post_allow-other-domains":"","footnotes":""},"class_list":["post-1200","page","type-page","status-publish","has-post-thumbnail","hentry"],"yoast_head":"<!-- This site is optimized with the Yoast SEO Premium plugin v26.1 (Yoast SEO v27.3) - https:\/\/yoast.com\/product\/yoast-seo-premium-wordpress\/ -->\n<title>Kontakt | DB E.C.O. Group<\/title>\n<meta name=\"description\" content=\"Kontakt der DB E.C.O. Group: Wir freuen uns auf Ihre Anfrage!\" \/>\n<meta name=\"robots\" content=\"index, follow, max-snippet:-1, max-image-preview:large, max-video-preview:-1\" \/>\n<link rel=\"canonical\" href=\"https:\/\/db-eco.com\/de\/kontakt\/\" \/>\n<meta property=\"og:locale\" content=\"de_DE\" \/>\n<meta property=\"og:type\" content=\"article\" \/>\n<meta property=\"og:title\" content=\"Kontakt\" \/>\n<meta property=\"og:description\" content=\"Kontakt der DB E.C.O. Group: Wir freuen uns auf Ihre Anfrage!\" \/>\n<meta property=\"og:url\" content=\"https:\/\/db-eco.com\/de\/kontakt\/\" \/>\n<meta property=\"og:site_name\" content=\"DB ECO\" \/>\n<meta property=\"article:modified_time\" content=\"2025-05-06T23:07:32+00:00\" \/>\n<meta property=\"og:image\" content=\"https:\/\/db-eco.com\/wp-content\/uploads\/2020\/08\/DB98582-1-scaled.jpg\" \/>\n\t<meta property=\"og:image:width\" content=\"2560\" \/>\n\t<meta property=\"og:image:height\" content=\"1709\" \/>\n\t<meta property=\"og:image:type\" content=\"image\/jpeg\" \/>\n<meta name=\"twitter:card\" content=\"summary_large_image\" \/>\n<meta name=\"twitter:label1\" content=\"Gesch\u00e4tzte Lesezeit\" \/>\n\t<meta name=\"twitter:data1\" content=\"1\u00a0Minute\" \/>\n<script type=\"application\/ld+json\" class=\"yoast-schema-graph\">{\"@context\":\"https:\\\/\\\/schema.org\",\"@graph\":[{\"@type\":\"WebPage\",\"@id\":\"https:\\\/\\\/db-eco.com\\\/de\\\/kontakt\\\/\",\"url\":\"https:\\\/\\\/db-eco.com\\\/de\\\/kontakt\\\/\",\"name\":\"Kontakt | DB E.C.O. Group\",\"isPartOf\":{\"@id\":\"https:\\\/\\\/db-eco.com\\\/de\\\/#website\"},\"primaryImageOfPage\":{\"@id\":\"https:\\\/\\\/db-eco.com\\\/de\\\/kontakt\\\/#primaryimage\"},\"image\":{\"@id\":\"https:\\\/\\\/db-eco.com\\\/de\\\/kontakt\\\/#primaryimage\"},\"thumbnailUrl\":\"https:\\\/\\\/db-eco.com\\\/wp-content\\\/uploads\\\/2020\\\/08\\\/DB98582-1-scaled.jpg\",\"datePublished\":\"2021-02-02T13:33:59+00:00\",\"dateModified\":\"2025-05-06T23:07:32+00:00\",\"description\":\"Kontakt der DB E.C.O. Group: Wir freuen uns auf Ihre Anfrage!\",\"breadcrumb\":{\"@id\":\"https:\\\/\\\/db-eco.com\\\/de\\\/kontakt\\\/#breadcrumb\"},\"inLanguage\":\"de\",\"potentialAction\":[{\"@type\":\"ReadAction\",\"target\":[\"https:\\\/\\\/db-eco.com\\\/de\\\/kontakt\\\/\"]}]},{\"@type\":\"ImageObject\",\"inLanguage\":\"de\",\"@id\":\"https:\\\/\\\/db-eco.com\\\/de\\\/kontakt\\\/#primaryimage\",\"url\":\"https:\\\/\\\/db-eco.com\\\/wp-content\\\/uploads\\\/2020\\\/08\\\/DB98582-1-scaled.jpg\",\"contentUrl\":\"https:\\\/\\\/db-eco.com\\\/wp-content\\\/uploads\\\/2020\\\/08\\\/DB98582-1-scaled.jpg\",\"width\":2560,\"height\":1709,\"caption\":\"Frankfurt (Main) Hbf - goldener Blick aus dem Silberturm\"},{\"@type\":\"BreadcrumbList\",\"@id\":\"https:\\\/\\\/db-eco.com\\\/de\\\/kontakt\\\/#breadcrumb\",\"itemListElement\":[{\"@type\":\"ListItem\",\"position\":1,\"name\":\"Home\",\"item\":\"https:\\\/\\\/db-eco.com\\\/de\\\/\"},{\"@type\":\"ListItem\",\"position\":2,\"name\":\"Kontakt\"}]},{\"@type\":\"WebSite\",\"@id\":\"https:\\\/\\\/db-eco.com\\\/de\\\/#website\",\"url\":\"https:\\\/\\\/db-eco.com\\\/de\\\/\",\"name\":\"DB ECO\",\"description\":\"Part of DB E.C.O. Group\",\"publisher\":{\"@id\":\"https:\\\/\\\/db-eco.com\\\/de\\\/#organization\"},\"potentialAction\":[{\"@type\":\"SearchAction\",\"target\":{\"@type\":\"EntryPoint\",\"urlTemplate\":\"https:\\\/\\\/db-eco.com\\\/de\\\/?s={search_term_string}\"},\"query-input\":{\"@type\":\"PropertyValueSpecification\",\"valueRequired\":true,\"valueName\":\"search_term_string\"}}],\"inLanguage\":\"de\"},{\"@type\":\"Organization\",\"@id\":\"https:\\\/\\\/db-eco.com\\\/de\\\/#organization\",\"name\":\"DB E.C.O. Group\",\"url\":\"https:\\\/\\\/db-eco.com\\\/de\\\/\",\"logo\":{\"@type\":\"ImageObject\",\"inLanguage\":\"de\",\"@id\":\"https:\\\/\\\/db-eco.com\\\/de\\\/#\\\/schema\\\/logo\\\/image\\\/\",\"url\":\"https:\\\/\\\/db-eco.com\\\/wp-content\\\/uploads\\\/2022\\\/10\\\/Logo_DB-ECO-Group_310x69.jpg\",\"contentUrl\":\"https:\\\/\\\/db-eco.com\\\/wp-content\\\/uploads\\\/2022\\\/10\\\/Logo_DB-ECO-Group_310x69.jpg\",\"width\":310,\"height\":69,\"caption\":\"DB E.C.O. Group\"},\"image\":{\"@id\":\"https:\\\/\\\/db-eco.com\\\/de\\\/#\\\/schema\\\/logo\\\/image\\\/\"},\"sameAs\":[\"https:\\\/\\\/www.linkedin.com\\\/company\\\/db-e-c-o-group\\\/\"],\"description\":\"Die DB E.C.O. Group setzt sich aus DB Engineering & Consulting, Deutsche Bahn International Operations, infraView, ESE Engineering und Software-Entwicklung, inno2grid sowie weiteren lokalen Gesellschaften, Tochterunternehmen und internationalen Beteiligungen zusammen. Das geb\u00fcndelte Fachwissen der Deutschen Bahn in den Bereichen Engineering, Consulting und Betrieb bildet die Grundlage f\u00fcr die umfassende Infrastrukturkompetenz der Gruppe. Diese Expertise ist integraler Bestandteil aller Leistungen und erm\u00f6glicht die Entwicklung innovativer und nachhaltiger L\u00f6sungen f\u00fcr die Mobilit\u00e4t der Zukunft. Seit Ende 2019 verbindet die B E.C.O. Group ihre fundierte Systemkenntnis des integrierten Schienenverkehrs mit digitalen Technologien entlang der gesamten Wertsch\u00f6pfungskette. Als Full-Service-Dienstleister mit \u00fcber 8.200 Mitarbeitenden aus 90 Nationen bietet das Unternehmen ein zukunftsorientiertes Leistungsportfolio und leistet zugleich einen aktiven Beitrag zum Umwelt- und Klimaschutz. In enger Zusammenarbeit mit Gesch\u00e4ftspartnern werden zuverl\u00e4ssige und wirtschaftliche L\u00f6sungen f\u00fcr komplexe Projekte umgesetzt.\",\"email\":\"eco-group@deutschebahn.com\",\"legalName\":\"DB Engineering & Consulting GmbH, DB E.C.O Group\",\"vatID\":\"DE 114 139 523\",\"numberOfEmployees\":{\"@type\":\"QuantitativeValue\",\"minValue\":\"5001\",\"maxValue\":\"10000\"}}]}<\/script>\n<!-- \/ Yoast SEO Premium plugin. -->","yoast_head_json":{"title":"Kontakt | DB E.C.O. Group","description":"Kontakt der DB E.C.O. Group: Wir freuen uns auf Ihre Anfrage!","robots":{"index":"index","follow":"follow","max-snippet":"max-snippet:-1","max-image-preview":"max-image-preview:large","max-video-preview":"max-video-preview:-1"},"canonical":"https:\/\/db-eco.com\/de\/kontakt\/","og_locale":"de_DE","og_type":"article","og_title":"Kontakt","og_description":"Kontakt der DB E.C.O. Group: Wir freuen uns auf Ihre Anfrage!","og_url":"https:\/\/db-eco.com\/de\/kontakt\/","og_site_name":"DB ECO","article_modified_time":"2025-05-06T23:07:32+00:00","og_image":[{"width":2560,"height":1709,"url":"https:\/\/db-eco.com\/wp-content\/uploads\/2020\/08\/DB98582-1-scaled.jpg","type":"image\/jpeg"}],"twitter_card":"summary_large_image","twitter_misc":{"Gesch\u00e4tzte Lesezeit":"1\u00a0Minute"},"schema":{"@context":"https:\/\/schema.org","@graph":[{"@type":"WebPage","@id":"https:\/\/db-eco.com\/de\/kontakt\/","url":"https:\/\/db-eco.com\/de\/kontakt\/","name":"Kontakt | DB E.C.O. Group","isPartOf":{"@id":"https:\/\/db-eco.com\/de\/#website"},"primaryImageOfPage":{"@id":"https:\/\/db-eco.com\/de\/kontakt\/#primaryimage"},"image":{"@id":"https:\/\/db-eco.com\/de\/kontakt\/#primaryimage"},"thumbnailUrl":"https:\/\/db-eco.com\/wp-content\/uploads\/2020\/08\/DB98582-1-scaled.jpg","datePublished":"2021-02-02T13:33:59+00:00","dateModified":"2025-05-06T23:07:32+00:00","description":"Kontakt der DB E.C.O. Group: Wir freuen uns auf Ihre Anfrage!","breadcrumb":{"@id":"https:\/\/db-eco.com\/de\/kontakt\/#breadcrumb"},"inLanguage":"de","potentialAction":[{"@type":"ReadAction","target":["https:\/\/db-eco.com\/de\/kontakt\/"]}]},{"@type":"ImageObject","inLanguage":"de","@id":"https:\/\/db-eco.com\/de\/kontakt\/#primaryimage","url":"https:\/\/db-eco.com\/wp-content\/uploads\/2020\/08\/DB98582-1-scaled.jpg","contentUrl":"https:\/\/db-eco.com\/wp-content\/uploads\/2020\/08\/DB98582-1-scaled.jpg","width":2560,"height":1709,"caption":"Frankfurt (Main) Hbf - goldener Blick aus dem Silberturm"},{"@type":"BreadcrumbList","@id":"https:\/\/db-eco.com\/de\/kontakt\/#breadcrumb","itemListElement":[{"@type":"ListItem","position":1,"name":"Home","item":"https:\/\/db-eco.com\/de\/"},{"@type":"ListItem","position":2,"name":"Kontakt"}]},{"@type":"WebSite","@id":"https:\/\/db-eco.com\/de\/#website","url":"https:\/\/db-eco.com\/de\/","name":"DB ECO","description":"Part of DB E.C.O. Group","publisher":{"@id":"https:\/\/db-eco.com\/de\/#organization"},"potentialAction":[{"@type":"SearchAction","target":{"@type":"EntryPoint","urlTemplate":"https:\/\/db-eco.com\/de\/?s={search_term_string}"},"query-input":{"@type":"PropertyValueSpecification","valueRequired":true,"valueName":"search_term_string"}}],"inLanguage":"de"},{"@type":"Organization","@id":"https:\/\/db-eco.com\/de\/#organization","name":"DB E.C.O. Group","url":"https:\/\/db-eco.com\/de\/","logo":{"@type":"ImageObject","inLanguage":"de","@id":"https:\/\/db-eco.com\/de\/#\/schema\/logo\/image\/","url":"https:\/\/db-eco.com\/wp-content\/uploads\/2022\/10\/Logo_DB-ECO-Group_310x69.jpg","contentUrl":"https:\/\/db-eco.com\/wp-content\/uploads\/2022\/10\/Logo_DB-ECO-Group_310x69.jpg","width":310,"height":69,"caption":"DB E.C.O. Group"},"image":{"@id":"https:\/\/db-eco.com\/de\/#\/schema\/logo\/image\/"},"sameAs":["https:\/\/www.linkedin.com\/company\/db-e-c-o-group\/"],"description":"Die DB E.C.O. Group setzt sich aus DB Engineering & Consulting, Deutsche Bahn International Operations, infraView, ESE Engineering und Software-Entwicklung, inno2grid sowie weiteren lokalen Gesellschaften, Tochterunternehmen und internationalen Beteiligungen zusammen. Das geb\u00fcndelte Fachwissen der Deutschen Bahn in den Bereichen Engineering, Consulting und Betrieb bildet die Grundlage f\u00fcr die umfassende Infrastrukturkompetenz der Gruppe. Diese Expertise ist integraler Bestandteil aller Leistungen und erm\u00f6glicht die Entwicklung innovativer und nachhaltiger L\u00f6sungen f\u00fcr die Mobilit\u00e4t der Zukunft. Seit Ende 2019 verbindet die B E.C.O. Group ihre fundierte Systemkenntnis des integrierten Schienenverkehrs mit digitalen Technologien entlang der gesamten Wertsch\u00f6pfungskette. Als Full-Service-Dienstleister mit \u00fcber 8.200 Mitarbeitenden aus 90 Nationen bietet das Unternehmen ein zukunftsorientiertes Leistungsportfolio und leistet zugleich einen aktiven Beitrag zum Umwelt- und Klimaschutz. In enger Zusammenarbeit mit Gesch\u00e4ftspartnern werden zuverl\u00e4ssige und wirtschaftliche L\u00f6sungen f\u00fcr komplexe Projekte umgesetzt.","email":"eco-group@deutschebahn.com","legalName":"DB Engineering & Consulting GmbH, DB E.C.O Group","vatID":"DE 114 139 523","numberOfEmployees":{"@type":"QuantitativeValue","minValue":"5001","maxValue":"10000"}}]}},"dbec_featured_media":{"source_url":"https:\/\/db-eco.com\/wp-content\/uploads\/2020\/08\/DB98582-1-300x200.jpg","source_set":"https:\/\/db-eco.com\/wp-content\/uploads\/2020\/08\/DB98582-1-300x200.jpg 300w, https:\/\/db-eco.com\/wp-content\/uploads\/2020\/08\/DB98582-1-1024x683.jpg 1024w, https:\/\/db-eco.com\/wp-content\/uploads\/2020\/08\/DB98582-1-768x513.jpg 768w, https:\/\/db-eco.com\/wp-content\/uploads\/2020\/08\/DB98582-1-1536x1025.jpg 1536w, https:\/\/db-eco.com\/wp-content\/uploads\/2020\/08\/DB98582-1-2048x1367.jpg 2048w, https:\/\/db-eco.com\/wp-content\/uploads\/2020\/08\/DB98582-1-520x347.jpg 520w, https:\/\/db-eco.com\/wp-content\/uploads\/2020\/08\/DB98582-1-1280x854.jpg 1280w","caption":"<p>Frankfurt (Main) Hbf - goldener Blick aus dem Silberturm<\/p>","alt":"Ahmed Abusido und Kacper Tomasz Kr\u00f6ber Mulawa."},"_links":{"self":[{"href":"https:\/\/db-eco.com\/de\/wp-json\/wp\/v2\/pages\/1200","targetHints":{"allow":["GET"]}}],"collection":[{"href":"https:\/\/db-eco.com\/de\/wp-json\/wp\/v2\/pages"}],"about":[{"href":"https:\/\/db-eco.com\/de\/wp-json\/wp\/v2\/types\/page"}],"author":[{"embeddable":true,"href":"https:\/\/db-eco.com\/de\/wp-json\/wp\/v2\/users\/5"}],"replies":[{"embeddable":true,"href":"https:\/\/db-eco.com\/de\/wp-json\/wp\/v2\/comments?post=1200"}],"version-history":[{"count":7,"href":"https:\/\/db-eco.com\/de\/wp-json\/wp\/v2\/pages\/1200\/revisions"}],"predecessor-version":[{"id":7661,"href":"https:\/\/db-eco.com\/de\/wp-json\/wp\/v2\/pages\/1200\/revisions\/7661"}],"wp:featuredmedia":[{"embeddable":true,"href":"https:\/\/db-eco.com\/de\/wp-json\/wp\/v2\/media\/285"}],"wp:attachment":[{"href":"https:\/\/db-eco.com\/de\/wp-json\/wp\/v2\/media?parent=1200"}],"curies":[{"name":"wp","href":"https:\/\/api.w.org\/{rel}","templated":true}]}}